{"id":82,"date":"2018-11-12T11:33:41","date_gmt":"2018-11-12T13:33:41","guid":{"rendered":"https:\/\/www.schulzautomotiva.com.br\/aftermarket\/?page_id=82"},"modified":"2021-04-05T14:32:26","modified_gmt":"2021-04-05T17:32:26","slug":"termos-de-uso","status":"publish","type":"page","link":"https:\/\/www.schulzautomotiva.com.br\/aftermarket\/termos-de-uso\/","title":{"rendered":"Termos de Uso"},"content":{"rendered":"[mk_page_section bg_image=&#8221;https:\/\/www.schulzautomotiva.com.br\/aftermarket\/wp-content\/uploads\/2019\/03\/termos-de-uso.jpg&#8221; bg_position=&#8221;center center&#8221; bg_repeat=&#8221;no-repeat&#8221; bg_stretch=&#8221;true&#8221; video_color_mask=&#8221;rgba(0,0,0,0.6)&#8221; video_opacity=&#8221;1&#8243; padding_top=&#8221;100&#8243; padding_bottom=&#8221;0&#8243; el_class=&#8221;texto-branco termos-de-uso&#8221; sidebar=&#8221;sidebar-1&#8243;][vc_column css=&#8221;.vc_custom_1553112123159{margin-top: 0px !important;margin-right: 0px !important;margin-bottom: 0px !important;margin-left: 0px !important;padding-top: 0px !important;padding-right: 20px !important;padding-bottom: 0px !important;padding-left: 20px !important;}&#8221;][vc_empty_space height=&#8221;50px&#8221;][vc_column_text disable_pattern=&#8221;false&#8221; css=&#8221;.vc_custom_1553112133948{margin-bottom: 0px !important;}&#8221;]\n<h1>Termos de Uso<\/h1>\n[\/vc_column_text][mk_divider style=&#8221;thick_solid&#8221; divider_width=&#8221;custom_width&#8221; custom_width=&#8221;180&#8243; align=&#8221;left&#8221; border_color=&#8221;#ffcb04&#8243; margin_top=&#8221;0&#8243; margin_bottom=&#8221;30&#8243;][vc_raw_html]JTVCYnJlYWRjcnVtYiU1RA==[\/vc_raw_html][vc_empty_space height=&#8221;30px&#8221; el_class=&#8221;divider-20-on-1140&#8243;][\/vc_column][\/mk_page_section][vc_row fullwidth=&#8221;true&#8221; fullwidth_content=&#8221;false&#8221; css=&#8221;.vc_custom_1553112226042{margin-top: 0px !important;margin-right: 0px !important;margin-bottom: 0px !important;margin-left: 0px !important;padding-top: 0px !important;padding-right: 0px !important;padding-bottom: 0px !important;padding-left: 0px !important;background-color: #f9f9f9 !important;}&#8221; el_class=&#8221;termos-de-uso&#8221;][vc_column width=&#8221;1\/6&#8243; css=&#8221;.vc_custom_1547819301130{margin-top: 0px !important;margin-right: 0px !important;margin-bottom: 0px !important;margin-left: 0px !important;padding-top: 0px !important;padding-right: 0px !important;padding-bottom: 0px !important;padding-left: 0px !important;}&#8221; offset=&#8221;vc_hidden-sm vc_hidden-xs&#8221;][\/vc_column][vc_column css=&#8221;.vc_custom_1556816995426{margin-top: 0px !important;margin-right: 0px !important;margin-bottom: 0px !important;margin-left: 0px !important;padding-top: 0px !important;padding-right: 20px !important;padding-bottom: 0px !important;padding-left: 20px !important;}&#8221; offset=&#8221;vc_col-lg-8 vc_col-md-8&#8243;][vc_empty_space height=&#8221;50px&#8221;][vc_column_text disable_pattern=&#8221;false&#8221; el_class=&#8221;sublinhado-alinhado-a-esquerda&#8221; css=&#8221;.vc_custom_1556816484957{margin-bottom: 0px !important;}&#8221;]Os termos de uso aqui indicados s\u00e3o um acordo entre o usu\u00e1rio e a Schulz S.A. Ao acessar e utilizar este site\/meio eletr\u00f4nico, o usu\u00e1rio reconhece que leu, entendeu e que concorda em se vincular por estes termos e em cumprir todas as leis e regulamentos aplic\u00e1veis no territ\u00f3rio brasileiro. Se o usu\u00e1rio n\u00e3o concorda com esses termos, n\u00e3o deve utilizar esse website.<\/p>\n<h2>RESPONSABILIDADE<\/h2>\n<p>A Schulz S.A. \u00e9 isenta da responsabilidade por danos diretos, indiretos, circunstanciais, punitivos, resultantes do uso, ou qualquer outro tipo (incluindo, mas n\u00e3o se limitando a danos de car\u00e1ter econ\u00f4mico; perda de lucros, receita ou de informa\u00e7\u00f5es) decorrentes de acesso ou impossibilidade de acesso a este website, aos subsites ou sites interligados, mesmo que advertido sobre a possibilidade de ocorr\u00eancia de tais danos.<\/p>\n<p>Com o passar do tempo, este website pode conter imprecis\u00f5es t\u00e9cnicas ou erros tipogr\u00e1ficos. A Schulz S.A. n\u00e3o garante a exatid\u00e3o de qualquer informa\u00e7\u00e3o postada. O usu\u00e1rio deve confirmar se est\u00e1 usando as p\u00e1ginas mais atualizadas deste website, e confirmar a exatid\u00e3o e a integridade das informa\u00e7\u00f5es antes de us\u00e1-lo para tomar decis\u00f5es relativas aos servi\u00e7os, produtos ou outros assuntos descritos.<\/p>\n<h2>GERAL<\/h2>\n<p>A Schulz S.A. pode, sem aviso pr\u00e9vio, a qualquer momento, revisar estes termos de uso e quaisquer outras informa\u00e7\u00f5es contidas neste site. A empresa pode tamb\u00e9m fazer melhorias ou mudan\u00e7as nos produtos, servi\u00e7os, cat\u00e1logos ou informa\u00e7\u00f5es gerais descritas neste site a qualquer momento e sem aviso pr\u00e9vio.<\/p>\n<p>Todo o conte\u00fado desse site e todos os direitos autorais, marcas registradas e quaisquer outros direitos de propriedade intelectual s\u00e3o de propriedade da Schulz S.A. ou do propriet\u00e1rio de tais conte\u00fados.<\/p>\n<p>Exceto quando expressamente permitido pela legisla\u00e7\u00e3o aplic\u00e1vel, nenhum conte\u00fado desse website pode ser usado, copiado, modificado, traduzido, distribu\u00eddo ou utilizado sem a autoriza\u00e7\u00e3o pr\u00e9via da Schulz S.A. ou dos propriet\u00e1rios dos seus conte\u00fados. Todos os direitos para com o conte\u00fado que n\u00e3o forem expressamente concedidos pelo presente, s\u00e3o reservados. O uso e registro do nome Schulz s\u00e3o reservados \u00e0 Schulz S.A.<\/p>\n<p>O usu\u00e1rio n\u00e3o poder\u00e1 registrar ou usar o nome da empresa, raz\u00e3o social, nome comercial, nome de dom\u00ednio ou outro nome, indica\u00e7\u00e3o ou descri\u00e7\u00e3o do qual o nome Schulz S.A. ou algum outro nome semelhante a ele ou qualquer nome que seja parte do nome Schulz S.A. Em particular, as imagens apresentadas no website e o formato utilizado para este site n\u00e3o podem ser copiadas ou usadas para fins pessoais. As marcas registradas de Schulz S.A. podem ser utilizadas somente com a autoriza\u00e7\u00e3o pr\u00e9via e expressa.<\/p>\n<p>A Schulz S.A. se reserva o direito de adicionar, apagar ou modificar esses termos ou o conte\u00fado deste website, subsites ou das landing pages futuras a qualquer momento e sem aviso pr\u00e9vio. A Schulz S.A. tem direito de encerrar o site ou qualquer \u00e1rea dele por qualquer motivo, a qualquer momento, sem pr\u00e9via notifica\u00e7\u00e3o ou permiss\u00e3o. N\u00e3o h\u00e1 nenhuma responsabilidade ou obriga\u00e7\u00e3o para com falha no armazenamento ou exclus\u00e3o de qualquer conte\u00fado e\/ou conte\u00fado de usu\u00e1rio colocados no website ou armazenado no mesmo.<\/p>\n<h2>PRIVACIDADE<\/h2>\n<p>As informa\u00e7\u00f5es pessoais fornecidas ou coletadas por meio de ou com rela\u00e7\u00e3o a este website somente ser\u00e3o utilizadas de acordo com a Pol\u00edtica de Privacidade da Schulz S.A., sendo que o presente documento est\u00e1 sujeito \u00e0 pol\u00edtica de privacidade dispon\u00edvel neste site.<\/p>\n<h2>PRODUTOS GLOBAIS<\/h2>\n<p>As informa\u00e7\u00f5es que a Schulz S.A. publica na internet podem conter refer\u00eancias diretas ou cruzadas a produtos e servi\u00e7os, que n\u00e3o est\u00e3o anunciados ou dispon\u00edveis em seu pa\u00eds. Tais refer\u00eancias n\u00e3o significam que a Schulz S.A. pretende anunciar ou disponibilizar esses produtos ou servi\u00e7os no pa\u00eds do usu\u00e1rio. O usu\u00e1rio deve consultar o seu contato comercial Schulz S.A. local ou entrar em contato com o Servi\u00e7o de Atendimento ao Cliente pelo site Schulz S.A.<\/p>\n<h2>CONFIDENCIALIDADE<\/h2>\n<p>A Schulz S.A. n\u00e3o busca receber informa\u00e7\u00f5es confidenciais ou informa\u00e7\u00f5es protegidas por direitos autorais do usu\u00e1rio pela navega\u00e7\u00e3o no website. Por\u00e9m, qualquer informa\u00e7\u00e3o enviada para a Schulz S.A. ser\u00e1 qualificada como n\u00e3o confidencial. O usu\u00e1rio concede, com isso, uma licen\u00e7a irrestrita e irrevog\u00e1vel para copiar, reproduzir, publicar, fazer upload, transmitir, distribuir, exibir publicamente, executar, modificar, criar trabalhos derivados e usar livremente de outras formas esses materiais ou informa\u00e7\u00f5es.<\/p>\n<p>A Schulz S.A. n\u00e3o divulgar\u00e1 o nome do usu\u00e1rio ou publicar\u00e1 o fato dele ter submetido materiais ou outras informa\u00e7\u00f5es para a empresa, a menos que: (1) obtenha a permiss\u00e3o do usu\u00e1rio para usar o nome do usu\u00e1rio; ou (2) a Schulz S.A. primeiro notifique o usu\u00e1rio que os materiais ou outras informa\u00e7\u00f5es submetidas a uma parte espec\u00edfica deste site ser\u00e3o publicadas ou usada com o nome do Usu\u00e1rio nele; ou (3) a Schulz S.A. seja obrigada a faz\u00ea-lo por lei.<\/p>\n<h2>NOVOS NEG\u00d3CIOS<\/h2>\n<p>O site da Schulz S.A. pode fornecer links ou refer\u00eancias a websites e recursos que n\u00e3o s\u00e3o Schulz S.A.. A Schulz S.A. n\u00e3o faz declara\u00e7\u00f5es, garantias ou outros compromissos, endossos ou confirma\u00e7\u00f5es de qualquer esp\u00e9cie sobre websites n\u00e3o Schulz S.A. ou recursos de terceiros que possam ser referenciados, acess\u00edveis a partir de ou vinculados a qualquer site da Schulz S.A..<\/p>\n<p>Al\u00e9m disso, a Schulz S.A. n\u00e3o \u00e9 parte ou respons\u00e1vel por quaisquer transa\u00e7\u00f5es que o usu\u00e1rio possa realizar com terceiros, mesmo se o usu\u00e1rio conhe\u00e7a tais terceiros (ou utilizar um link para tais terceiros) a partir de um site da Schulz S.A.. Ao acessar um website n\u00e3o Schulz S.A., mesmo aqueles que cont\u00eam o logotipo da Schulz S.A., o cliente entende que ele \u00e9 independente da Schulz S.A. e que a Schulz S.A. n\u00e3o controla o conte\u00fado desse website. Cabe ao usu\u00e1rio tomar precau\u00e7\u00f5es para se proteger de v\u00edrus, worms, cavalos de troia e outros programas potencialmente destrutivos e para proteger suas informa\u00e7\u00f5es.<\/p>\n<h2>INTERLIGA\u00c7\u00c3O DE SITES<\/h2>\n<p>A Schulz S.A. consente apenas links para este website nos quais o link e as p\u00e1ginas que s\u00e3o ativadas pelo link n\u00e3o: (a) criem molduras em torno de qualquer p\u00e1gina deste site ou utilizem outras t\u00e9cnicas que alterem de alguma forma a apresenta\u00e7\u00e3o visual ou apar\u00eancia de qualquer conte\u00fado dentro deste site; (b) deturpem o relacionamento do Usu\u00e1rio com a Schulz S.A.; (c) impliquem que a Schulz S.A. aprova ou endossa o usu\u00e1rio, o website ou servi\u00e7os ou ofertas de produtos do usu\u00e1rio; e (d) apresentem impress\u00f5es falsas ou enganosas sobre a Schulz S.A. ou prejudiquem a boa reputa\u00e7\u00e3o associada ao nome ou marcas comerciais da Schulz S.A..<\/p>\n<p>Como uma condi\u00e7\u00e3o adicional para ter permiss\u00e3o para conectar-se a esse site, o usu\u00e1rio concorda que a Schulz S.A. pode, a qualquer tempo, a seu exclusivo crit\u00e9rio, rescindir a permiss\u00e3o para conectar-se a este website. Nesse caso, o usu\u00e1rio concorda em remover imediatamente todos os links para este website e cessar qualquer uso relacionado \u00e0s marcas registradas da Schulz S.A..<\/p>\n<h2>SEGURAN\u00c7A<\/h2>\n<p>A Schulz S.A. utiliza tecnologias e procedimentos de seguran\u00e7a para proteger suas informa\u00e7\u00f5es pessoais contra perdas, roubos e acesso, uso e altera\u00e7\u00f5es n\u00e3o autorizados, por\u00e9m, \u00e9 necess\u00e1rio alertar que nenhuma medida de seguran\u00e7a dispon\u00edvel no mercado \u00e9 totalmente segura.<\/p>\n<h2>REN\u00daNCIA DE RESPONSABILIDADE<\/h2>\n<p>O uso deste site \u00e9 por conta e risco exclusivo do usu\u00e1rio. Todos os materiais, informa\u00e7\u00f5es, produtos, softwares, programas e servi\u00e7os s\u00e3o fornecidos neste site &#8220;no estado em que se encontram&#8221; sem quaisquer garantias ou seguran\u00e7as. A Schulz S.A. expressamente n\u00e3o oferece, na mais ampla extens\u00e3o permitida pela lei, nenhuma garantia, ou declara\u00e7\u00e3o expressa, impl\u00edcita, estabelecidas por lei ou outras, incluindo, sem limita\u00e7\u00e3o, garantias de comercializa\u00e7\u00e3o, adequa\u00e7\u00e3o a um determinado prop\u00f3sito, e n\u00e3o-infra\u00e7\u00e3o de direitos de propriedade e de propriedade intelectual. Sem limita\u00e7\u00e3o, a Schulz S.A. n\u00e3o oferece a garantia de que este site ser\u00e1 ininterrupto, oportuno, seguro ou sem erros. O usu\u00e1rio entende e concorda que se fizer download ou obtiver materiais, informa\u00e7\u00f5es, produtos, programas ou servi\u00e7os de outra maneira a partir deste website, que o faz a seu \u00fanico crit\u00e9rio e risco e que ser\u00e1 unicamente respons\u00e1vel por quaisquer danos que possam resultar, incluindo perda de dados ou danos a seu sistema de computador. Algumas jurisdi\u00e7\u00f5es n\u00e3o permitem a exclus\u00e3o de garantias, portanto as exclus\u00f5es acima podem n\u00e3o se aplicar ao usu\u00e1rio.[\/vc_column_text][vc_empty_space height=&#8221;20px&#8221;][vc_column_text disable_pattern=&#8221;false&#8221; css=&#8221;.vc_custom_1553113736754{margin-bottom: -20px !important;}&#8221;]\n<p style=\"text-align: center;\">Boa navega\u00e7\u00e3o!<\/p>\n[\/vc_column_text][mk_image src=&#8221;https:\/\/www.schulzautomotiva.com.br\/aftermarket\/wp-content\/uploads\/2019\/03\/l-schulz-sa.png&#8221; image_size=&#8221;full&#8221; align=&#8221;center&#8221; margin_bottom=&#8221;0&#8243;][vc_column_text disable_pattern=&#8221;false&#8221; css=&#8221;.vc_custom_1585161276576{margin-bottom: 0px !important;}&#8221;]\n<p style=\"text-align: center;\">Janeiro\/2020<\/p>\n[\/vc_column_text][vc_empty_space height=&#8221;80px&#8221;][\/vc_column][vc_column width=&#8221;1\/6&#8243; offset=&#8221;vc_hidden-sm vc_hidden-xs&#8221;][\/vc_column][\/vc_row]\n","protected":false},"excerpt":{"rendered":"<p>[mk_page_section bg_image=&#8221;https:\/\/www.schulzautomotiva.com.br\/aftermarket\/wp-content\/uploads\/2019\/03\/termos-de-uso.jpg&#8221; bg_position=&#8221;center center&#8221; bg_repeat=&#8221;no-repeat&#8221; bg_stretch=&#8221;true&#8221; video_color_mask=&#8221;rgba(0,0,0,0.6)&#8221; video_opacity=&#8221;1&#8243; padding_top=&#8221;100&#8243; padding_bottom=&#8221;0&#8243; el_class=&#8221;texto-branco termos-de-uso&#8221; sidebar=&#8221;sidebar-1&#8243;][vc_column css=&#8221;.vc_custom_1553112123159{margin-top: 0px !important;margin-right: 0px !important;margin-bottom: 0px !important;margin-left: 0px !important;padding-top: 0px !important;padding-right: 20px !important;padding-bottom: 0px !important;padding-left: 20px !important;}&#8221;][vc_empty_space height=&#8221;50px&#8221;][vc_column_text disable_pattern=&#8221;false&#8221; css=&#8221;.vc_custom_1553112133948{margin-bottom: 0px !important;}&#8221;] Termos de Uso [\/vc_column_text][mk_divider style=&#8221;thick_solid&#8221; divider_width=&#8221;custom_width&#8221; custom_width=&#8221;180&#8243; align=&#8221;left&#8221; border_color=&#8221;#ffcb04&#8243; margin_top=&#8221;0&#8243; margin_bottom=&#8221;30&#8243;][vc_raw_html]JTVCYnJlYWRjcnVtYiU1RA==[\/vc_raw_html][vc_empty_space height=&#8221;30px&#8221; el_class=&#8221;divider-20-on-1140&#8243;][\/vc_column][\/mk_page_section][vc_row fullwidth=&#8221;true&#8221; fullwidth_content=&#8221;false&#8221; css=&#8221;.vc_custom_1553112226042{margin-top: 0px !important;margin-right: 0px !important;margin-bottom: [&hellip;]<\/p>\n","protected":false},"author":9,"featured_media":0,"parent":0,"menu_order":10,"comment_status":"closed","ping_status":"closed","template":"","meta":{"_mi_skip_tracking":false,"_monsterinsights_sitenote_active":false,"_monsterinsights_sitenote_note":"","_monsterinsights_sitenote_category":0},"_links":{"self":[{"href":"https:\/\/www.schulzautomotiva.com.br\/aftermarket\/wp-json\/wp\/v2\/pages\/82"}],"collection":[{"href":"https:\/\/www.schulzautomotiva.com.br\/aftermarket\/wp-json\/wp\/v2\/pages"}],"about":[{"href":"https:\/\/www.schulzautomotiva.com.br\/aftermarket\/wp-json\/wp\/v2\/types\/page"}],"author":[{"embeddable":true,"href":"https:\/\/www.schulzautomotiva.com.br\/aftermarket\/wp-json\/wp\/v2\/users\/9"}],"replies":[{"embeddable":true,"href":"https:\/\/www.schulzautomotiva.com.br\/aftermarket\/wp-json\/wp\/v2\/comments?post=82"}],"version-history":[{"count":27,"href":"https:\/\/www.schulzautomotiva.com.br\/aftermarket\/wp-json\/wp\/v2\/pages\/82\/revisions"}],"predecessor-version":[{"id":3034,"href":"https:\/\/www.schulzautomotiva.com.br\/aftermarket\/wp-json\/wp\/v2\/pages\/82\/revisions\/3034"}],"wp:attachment":[{"href":"https:\/\/www.schulzautomotiva.com.br\/aftermarket\/wp-json\/wp\/v2\/media?parent=82"}],"curies":[{"name":"wp","href":"https:\/\/api.w.org\/{rel}","templated":true}]}}