{"id":6072,"date":"2024-12-17T13:44:45","date_gmt":"2024-12-17T16:44:45","guid":{"rendered":"https:\/\/www.schulzautomotiva.com.br\/aftermarket\/?page_id=6072"},"modified":"2024-12-18T09:13:44","modified_gmt":"2024-12-18T12:13:44","slug":"downloads-interno","status":"publish","type":"page","link":"https:\/\/www.schulzautomotiva.com.br\/aftermarket\/downloads-interno\/","title":{"rendered":"Downloads Interno"},"content":{"rendered":"[mk_page_section bg_image=&#8221;https:\/\/www.schulzautomotiva.com.br\/aftermarket\/wp-content\/uploads\/2021\/05\/download.jpg&#8221; attachment=&#8221;fixed&#8221; bg_position=&#8221;center center&#8221; bg_repeat=&#8221;no-repeat&#8221; bg_stretch=&#8221;true&#8221; video_color_mask=&#8221;rgba(0,0,0,0.5)&#8221; video_opacity=&#8221;1&#8243; padding_top=&#8221;100&#8243; padding_bottom=&#8221;0&#8243; el_class=&#8221;fale-conosco texto-branco&#8221; sidebar=&#8221;sidebar-1&#8243;][vc_column css=&#8221;.vc_custom_1556218434390{margin-top: 0px !important;margin-right: 0px !important;margin-bottom: 0px !important;margin-left: 0px !important;padding-top: 0px !important;padding-right: 20px !important;padding-bottom: 0px !important;padding-left: 20px !important;}&#8221; offset=&#8221;vc_col-lg-6 vc_col-md-6&#8243;][vc_empty_space height=&#8221;50px&#8221; el_class=&#8221;divider-40-on-1024 divider-30-on-tiny&#8221;][vc_column_text disable_pattern=&#8221;false&#8221; css=&#8221;.vc_custom_1734456409343{margin-bottom: 0px !important;}&#8221;]\n<h1>Download de cat\u00e1logo<\/h1>\n[\/vc_column_text][mk_divider style=&#8221;thin_solid&#8221; divider_width=&#8221;custom_width&#8221; custom_width=&#8221;180&#8243; align=&#8221;left&#8221; thin_single_color=&#8221;#ffcb04&#8243; thickness=&#8221;2&#8243; margin_top=&#8221;0&#8243; margin_bottom=&#8221;30&#8243;][vc_raw_html]JTVCYnJlYWRjcnVtYiU1RA==[\/vc_raw_html][vc_column_text disable_pattern=&#8221;false&#8221; css=&#8221;.vc_custom_1734456198054{margin-bottom: 0px !important;}&#8221;]Acesse a biblioteca virtual da Schulz e fa\u00e7a o download de todos os cat\u00e1logos de produtos, boletins com os \u00faltimos lan\u00e7amentos e informativos t\u00e9cnicos.<\/p>\n<p>Para receber essas informa\u00e7\u00f5es sempre em primeira m\u00e3o, assine o nosso canal de not\u00edcias![\/vc_column_text][vc_empty_space height=&#8221;35px&#8221; el_class=&#8221;divider-40-on-1024 divider-30-on-tiny&#8221;][\/vc_column][\/mk_page_section][mk_page_section bg_color=&#8221;#eaeaea&#8221; padding_top=&#8221;70&#8243; padding_bottom=&#8221;70&#8243; section_id=&#8221;block-downloads&#8221; sidebar=&#8221;sidebar-1&#8243;][vc_column width=&#8221;1\/6&#8243;][\/vc_column][vc_column width=&#8221;2\/3&#8243;][vc_column_text disable_pattern=&#8221;false&#8221; align=&#8221;center&#8221; css=&#8221;.vc_custom_1734456229672{margin-bottom: 0px !important;}&#8221;]\n<h2>Fa\u00e7a download abaixo<\/h2>\n[\/vc_column_text][vc_empty_space height=&#8221;30px&#8221; el_class=&#8221;divider-40-on-1024 divider-30-on-tiny&#8221;][mk_button dimension=&#8221;outline&#8221; icon=&#8221;mk-icon-download&#8221; url=&#8221;https:\/\/www.schulzautomotiva.com.br\/aftermarket\/wp-content\/uploads\/2024\/12\/catalogo-schulz-17dez24-2.pdf&#8221; target=&#8221;_blank&#8221; fullwidth=&#8221;true&#8221; el_class=&#8221;btn-file-donwload&#8221;]Cat\u00e1logo completo &#8211; Portugu\u00eas[\/mk_button][mk_button dimension=&#8221;outline&#8221; icon=&#8221;mk-icon-download&#8221; url=&#8221;https:\/\/www.schulzautomotiva.com.br\/aftermarket\/wp-content\/uploads\/2024\/12\/catalogo-schulz-18dez24-espanhol.pdf&#8221; target=&#8221;_blank&#8221; fullwidth=&#8221;true&#8221; el_class=&#8221;btn-file-donwload&#8221;]Cat\u00e1logo completo &#8211; Espanhol[\/mk_button][\/vc_column][vc_column width=&#8221;1\/6&#8243;][\/vc_column][\/mk_page_section][vc_row][vc_column][vc_empty_space height=&#8221;30px&#8221; el_class=&#8221;divider-40-on-1024 divider-30-on-tiny&#8221;][vc_column_text disable_pattern=&#8221;false&#8221; align=&#8221;center&#8221; css=&#8221;.vc_custom_1691504652652{margin-bottom: 0px !important;}&#8221;]\n<h2><span style=\"vertical-align: inherit;\"><span style=\"vertical-align: inherit;\">Baixe o nosso aplicativo<\/span><\/span><\/h2>\n[\/vc_column_text][mk_button dimension=&#8221;outline&#8221; corner_style=&#8221;rounded&#8221; size=&#8221;large&#8221; icon=&#8221;mk-icon-google&#8221; url=&#8221;https:\/\/play.google.com\/store\/apps\/details?id=br.com.ideia2001.CatalogoSchulz&amp;hl=pt_BR&amp;gl=US&amp;pli=1&#8243; target=&#8221;_blank&#8221; align=&#8221;center&#8221; button_custom_width=&#8221;400&#8243; id=&#8221;baixou-app-android&#8221; margin_top=&#8221;15&#8243;]Dispon\u00edvel no Google Play[\/mk_button][mk_button dimension=&#8221;outline&#8221; corner_style=&#8221;rounded&#8221; size=&#8221;large&#8221; icon=&#8221;mk-jupiter-icon-simple-apple&#8221; url=&#8221;https:\/\/apps.apple.com\/br\/app\/schulz-automotiva\/id1586718349&#8243; target=&#8221;_blank&#8221; align=&#8221;center&#8221; button_custom_width=&#8221;400&#8243; id=&#8221;baixou-app-ios&#8221; margin_top=&#8221;15&#8243;]Dispon\u00edvel na App Store[\/mk_button][mk_button dimension=&#8221;outline&#8221; corner_style=&#8221;rounded&#8221; size=&#8221;large&#8221; icon=&#8221;mk-moon-box-remove&#8221; url=&#8221;https:\/\/ideia2001.com.br\/CatExp\/AHAAY\/InstalarCatalogoSchulz.exe&#8221; target=&#8221;_blank&#8221; align=&#8221;center&#8221; button_custom_width=&#8221;400&#8243; id=&#8221;baixou-app-ios&#8221; margin_top=&#8221;15&#8243;]Cat\u00e1logo Eletr\u00f4nico[\/mk_button][vc_empty_space height=&#8221;30px&#8221; el_class=&#8221;divider-40-on-1024 divider-30-on-tiny&#8221;][\/vc_column][\/vc_row]\n","protected":false},"excerpt":{"rendered":"<p>[mk_page_section bg_image=&#8221;https:\/\/www.schulzautomotiva.com.br\/aftermarket\/wp-content\/uploads\/2021\/05\/download.jpg&#8221; attachment=&#8221;fixed&#8221; bg_position=&#8221;center center&#8221; bg_repeat=&#8221;no-repeat&#8221; bg_stretch=&#8221;true&#8221; video_color_mask=&#8221;rgba(0,0,0,0.5)&#8221; video_opacity=&#8221;1&#8243; padding_top=&#8221;100&#8243; padding_bottom=&#8221;0&#8243; el_class=&#8221;fale-conosco texto-branco&#8221; sidebar=&#8221;sidebar-1&#8243;][vc_column css=&#8221;.vc_custom_1556218434390{margin-top: 0px !important;margin-right: 0px !important;margin-bottom: 0px !important;margin-left: 0px !important;padding-top: 0px !important;padding-right: 20px !important;padding-bottom: 0px !important;padding-left: 20px !important;}&#8221; offset=&#8221;vc_col-lg-6 vc_col-md-6&#8243;][vc_empty_space height=&#8221;50px&#8221; el_class=&#8221;divider-40-on-1024 divider-30-on-tiny&#8221;][vc_column_text disable_pattern=&#8221;false&#8221; css=&#8221;.vc_custom_1734456409343{margin-bottom: 0px !important;}&#8221;] Download de cat\u00e1logo [\/vc_column_text][mk_divider style=&#8221;thin_solid&#8221; divider_width=&#8221;custom_width&#8221; custom_width=&#8221;180&#8243; align=&#8221;left&#8221; thin_single_color=&#8221;#ffcb04&#8243; thickness=&#8221;2&#8243; margin_top=&#8221;0&#8243; margin_bottom=&#8221;30&#8243;][vc_raw_html]JTVCYnJlYWRjcnVtYiU1RA==[\/vc_raw_html][vc_column_text disable_pattern=&#8221;false&#8221; css=&#8221;.vc_custom_1734456198054{margin-bottom: 0px [&hellip;]<\/p>\n","protected":false},"author":9,"featured_media":0,"parent":0,"menu_order":9,"comment_status":"closed","ping_status":"closed","template":"","meta":{"_mi_skip_tracking":false,"_monsterinsights_sitenote_active":false,"_monsterinsights_sitenote_note":"","_monsterinsights_sitenote_category":0},"_links":{"self":[{"href":"https:\/\/www.schulzautomotiva.com.br\/aftermarket\/wp-json\/wp\/v2\/pages\/6072"}],"collection":[{"href":"https:\/\/www.schulzautomotiva.com.br\/aftermarket\/wp-json\/wp\/v2\/pages"}],"about":[{"href":"https:\/\/www.schulzautomotiva.com.br\/aftermarket\/wp-json\/wp\/v2\/types\/page"}],"author":[{"embeddable":true,"href":"https:\/\/www.schulzautomotiva.com.br\/aftermarket\/wp-json\/wp\/v2\/users\/9"}],"replies":[{"embeddable":true,"href":"https:\/\/www.schulzautomotiva.com.br\/aftermarket\/wp-json\/wp\/v2\/comments?post=6072"}],"version-history":[{"count":9,"href":"https:\/\/www.schulzautomotiva.com.br\/aftermarket\/wp-json\/wp\/v2\/pages\/6072\/revisions"}],"predecessor-version":[{"id":6095,"href":"https:\/\/www.schulzautomotiva.com.br\/aftermarket\/wp-json\/wp\/v2\/pages\/6072\/revisions\/6095"}],"wp:attachment":[{"href":"https:\/\/www.schulzautomotiva.com.br\/aftermarket\/wp-json\/wp\/v2\/media?parent=6072"}],"curies":[{"name":"wp","href":"https:\/\/api.w.org\/{rel}","templated":true}]}}