{"id":5120,"date":"2021-04-29T13:43:22","date_gmt":"2021-04-29T16:43:22","guid":{"rendered":"https:\/\/www.schulzautomotiva.com.br\/aftermarket\/?page_id=5120"},"modified":"2021-05-13T15:12:28","modified_gmt":"2021-05-13T18:12:28","slug":"localizar-representante","status":"publish","type":"page","link":"https:\/\/www.schulzautomotiva.com.br\/aftermarket\/estrutura-de-vendas\/representantes\/localizar-representante\/","title":{"rendered":"Localizar Representante"},"content":{"rendered":"[mk_page_section bg_image=&#8221;https:\/\/www.schulzautomotiva.com.br\/aftermarket\/wp-content\/uploads\/2021\/03\/schulz-aerea.jpg&#8221; bg_position=&#8221;center center&#8221; bg_repeat=&#8221;no-repeat&#8221; bg_stretch=&#8221;true&#8221; video_color_mask=&#8221;rgba(0,0,0,0.75)&#8221; video_opacity=&#8221;0.9&#8243; padding_top=&#8221;100&#8243; padding_bottom=&#8221;0&#8243; section_id=&#8221;reconhecimento&#8221; el_class=&#8221;reconhecimentos texto-branco&#8221; sidebar=&#8221;sidebar-1&#8243;][vc_column css=&#8221;.vc_custom_1547575072346{margin-top: 0px !important;margin-right: 0px !important;margin-bottom: 0px !important;margin-left: 0px !important;padding-top: 0px !important;padding-right: 20px !important;padding-bottom: 0px !important;padding-left: 20px !important;}&#8221;][vc_empty_space height=&#8221;50px&#8221;][vc_column_text disable_pattern=&#8221;false&#8221; css=&#8221;.vc_custom_1616786323542{margin-bottom: 0px !important;}&#8221;]\n<h1>Representantes<\/h1>\n[\/vc_column_text][mk_divider style=&#8221;thin_solid&#8221; divider_width=&#8221;custom_width&#8221; custom_width=&#8221;180&#8243; align=&#8221;left&#8221; thin_single_color=&#8221;#ffcb04&#8243; thickness=&#8221;2&#8243; margin_top=&#8221;0&#8243; margin_bottom=&#8221;30&#8243;][vc_raw_html]JTVCYnJlYWRjcnVtYiU1RA==[\/vc_raw_html][vc_column_text disable_pattern=&#8221;false&#8221; el_class=&#8221;no-br-on-small texto-apoio&#8221; css=&#8221;.vc_custom_1619794984994{margin-bottom: 0px !important;}&#8221;]A Schulz selecionou os melhores representantes da reposi\u00e7\u00e3o automotiva para garantir<br \/>\naos seus clientes um atendimento imediato e diferenciado em todos os estados brasileiros<br \/>\ne pa\u00edses da Am\u00e9rica do Sul. Entre em contato com a equipe respons\u00e1vel pelo suporte comercial<br \/>\nna sua regi\u00e3o usando o nosso localizador.[\/vc_column_text][vc_empty_space height=&#8221;40px&#8221;][\/vc_column][\/mk_page_section][mk_page_section bg_color=&#8221;#f0f0f0&#8243; border_color=&#8221;#ffffff&#8221; video_opacity=&#8221;1&#8243; padding_top=&#8221;0&#8243; padding_bottom=&#8221;0&#8243; section_id=&#8221;block-localizar-representante&#8221; sidebar=&#8221;sidebar-1&#8243;][vc_column css=&#8221;.vc_custom_1617647927184{margin-top: 0px !important;margin-right: 0px !important;margin-bottom: 0px !important;margin-left: 0px !important;padding-top: 30px !important;padding-bottom: 30px !important;}&#8221;][mk_padding_divider size=&#8221;60&#8243;][vc_raw_html]JTVCeW9naC1hZ2VudHMlMjB0aXRsZSUzRCUyMkVuY29udHJlJTIwbyUyMHJlcHJlc2VudGFudGUlMjBtYWlzJTIwcHIlQzMlQjN4aW1vJTIyJTIwZGVzY3JpcHRpb24lM0QlMjJTZWxlY2lvbmUlMjBzZXUlMjBFc3RhZG8lMjBhYmFpeG8lMjBvdSUyMGNsaXF1ZSUyMG5vJTIwbWFwYSUyMHBhcmElMjBlbmNvbnRyYXIlMEFvJTIwcmVwcmVzZW50YW50ZSUyMG1haXMlMjBwciVDMyVCM3hpbW8lMjBkZSUyMHZvYyVDMyVBQSUyMSUyMiUyMGRlc2NyaXB0aW9uX21vYmlsZSUzRCUyMlNlbGVjaW9uZSUyMHNldSUyMEVzdGFkbyUyMGFiYWl4byUyMHBhcmElMjBlbmNvbnRyYXIlMjBvJTIwcmVwcmVzZW50YW50ZSUyMG1haXMlMjBwciVDMyVCM3hpbW8lMjBkZSUyMHZvYyVDMyVBQSUyMSUyMiUyMGRlc2NyaXB0aW9uX3N0YXRlJTNEJTIyUmVwcmVzZW50YW50ZXMlMjBubyUyMEVzdGFkbyUyMGRlJTIyJTVE[\/vc_raw_html][mk_padding_divider size=&#8221;60&#8243;][\/vc_column][\/mk_page_section]\n","protected":false},"excerpt":{"rendered":"<p>[mk_page_section bg_image=&#8221;https:\/\/www.schulzautomotiva.com.br\/aftermarket\/wp-content\/uploads\/2021\/03\/schulz-aerea.jpg&#8221; bg_position=&#8221;center center&#8221; bg_repeat=&#8221;no-repeat&#8221; bg_stretch=&#8221;true&#8221; video_color_mask=&#8221;rgba(0,0,0,0.75)&#8221; video_opacity=&#8221;0.9&#8243; padding_top=&#8221;100&#8243; padding_bottom=&#8221;0&#8243; section_id=&#8221;reconhecimento&#8221; el_class=&#8221;reconhecimentos texto-branco&#8221; sidebar=&#8221;sidebar-1&#8243;][vc_column css=&#8221;.vc_custom_1547575072346{margin-top: 0px !important;margin-right: 0px !important;margin-bottom: 0px !important;margin-left: 0px !important;padding-top: 0px !important;padding-right: 20px !important;padding-bottom: 0px !important;padding-left: 20px !important;}&#8221;][vc_empty_space height=&#8221;50px&#8221;][vc_column_text disable_pattern=&#8221;false&#8221; css=&#8221;.vc_custom_1616786323542{margin-bottom: 0px !important;}&#8221;] Representantes [\/vc_column_text][mk_divider style=&#8221;thin_solid&#8221; divider_width=&#8221;custom_width&#8221; custom_width=&#8221;180&#8243; align=&#8221;left&#8221; thin_single_color=&#8221;#ffcb04&#8243; thickness=&#8221;2&#8243; margin_top=&#8221;0&#8243; margin_bottom=&#8221;30&#8243;][vc_raw_html]JTVCYnJlYWRjcnVtYiU1RA==[\/vc_raw_html][vc_column_text disable_pattern=&#8221;false&#8221; el_class=&#8221;no-br-on-small texto-apoio&#8221; css=&#8221;.vc_custom_1619794984994{margin-bottom: 0px !important;}&#8221;]A Schulz selecionou os [&hellip;]<\/p>\n","protected":false},"author":9,"featured_media":0,"parent":4540,"menu_order":2,"comment_status":"closed","ping_status":"closed","template":"representantes.php","meta":{"_mi_skip_tracking":false,"_monsterinsights_sitenote_active":false,"_monsterinsights_sitenote_note":"","_monsterinsights_sitenote_category":0},"_links":{"self":[{"href":"https:\/\/www.schulzautomotiva.com.br\/aftermarket\/wp-json\/wp\/v2\/pages\/5120"}],"collection":[{"href":"https:\/\/www.schulzautomotiva.com.br\/aftermarket\/wp-json\/wp\/v2\/pages"}],"about":[{"href":"https:\/\/www.schulzautomotiva.com.br\/aftermarket\/wp-json\/wp\/v2\/types\/page"}],"author":[{"embeddable":true,"href":"https:\/\/www.schulzautomotiva.com.br\/aftermarket\/wp-json\/wp\/v2\/users\/9"}],"replies":[{"embeddable":true,"href":"https:\/\/www.schulzautomotiva.com.br\/aftermarket\/wp-json\/wp\/v2\/comments?post=5120"}],"version-history":[{"count":14,"href":"https:\/\/www.schulzautomotiva.com.br\/aftermarket\/wp-json\/wp\/v2\/pages\/5120\/revisions"}],"predecessor-version":[{"id":5355,"href":"https:\/\/www.schulzautomotiva.com.br\/aftermarket\/wp-json\/wp\/v2\/pages\/5120\/revisions\/5355"}],"up":[{"embeddable":true,"href":"https:\/\/www.schulzautomotiva.com.br\/aftermarket\/wp-json\/wp\/v2\/pages\/4540"}],"wp:attachment":[{"href":"https:\/\/www.schulzautomotiva.com.br\/aftermarket\/wp-json\/wp\/v2\/media?parent=5120"}],"curies":[{"name":"wp","href":"https:\/\/api.w.org\/{rel}","templated":true}]}}