{"id":4637,"date":"2021-03-29T12:08:10","date_gmt":"2021-03-29T15:08:10","guid":{"rendered":"https:\/\/www.schulzautomotiva.com.br\/aftermarket\/?page_id=4637"},"modified":"2024-05-22T17:40:29","modified_gmt":"2024-05-22T20:40:29","slug":"oficinas-credenciadas","status":"publish","type":"page","link":"https:\/\/www.schulzautomotiva.com.br\/aftermarket\/suporte-tecnico\/oficinas-credenciadas\/","title":{"rendered":"Oficinas Credenciadas"},"content":{"rendered":"[mk_page_section bg_image=&#8221;https:\/\/www.schulzautomotiva.com.br\/aftermarket\/wp-content\/uploads\/2021\/04\/schulz_suporte-scaled.jpg&#8221; bg_position=&#8221;center center&#8221; bg_repeat=&#8221;no-repeat&#8221; bg_stretch=&#8221;true&#8221; video_color_mask=&#8221;rgba(0,0,0,0.75)&#8221; video_opacity=&#8221;0.9&#8243; padding_top=&#8221;100&#8243; padding_bottom=&#8221;0&#8243; section_id=&#8221;reconhecimento&#8221; el_class=&#8221;reconhecimentos texto-branco&#8221; sidebar=&#8221;sidebar-1&#8243;][vc_column css=&#8221;.vc_custom_1547575072346{margin-top: 0px !important;margin-right: 0px !important;margin-bottom: 0px !important;margin-left: 0px !important;padding-top: 0px !important;padding-right: 20px !important;padding-bottom: 0px !important;padding-left: 20px !important;}&#8221;][vc_empty_space height=&#8221;50px&#8221;][vc_column_text disable_pattern=&#8221;false&#8221; css=&#8221;.vc_custom_1617030565559{margin-bottom: 0px !important;}&#8221;]\n<h1>Oficinas Credenciadas<\/h1>\n[\/vc_column_text][mk_divider style=&#8221;thin_solid&#8221; divider_width=&#8221;custom_width&#8221; custom_width=&#8221;180&#8243; align=&#8221;left&#8221; thin_single_color=&#8221;#ffcb04&#8243; thickness=&#8221;2&#8243; margin_top=&#8221;0&#8243; margin_bottom=&#8221;30&#8243;][vc_raw_html]JTVCYnJlYWRjcnVtYiU1RA==[\/vc_raw_html][vc_column_text disable_pattern=&#8221;false&#8221; el_class=&#8221;no-br-on-small texto-apoio&#8221; css=&#8221;.vc_custom_1617024734827{margin-bottom: 0px !important;}&#8221;]Al\u00e9m de fornecer pe\u00e7as com a m\u00e1xima qualidade, a Schulz tem uma equipe t\u00e9cnica<br \/>\ndedicada a resolver qualquer problema dos clientes. A seguir, saiba como solicitar<br \/>\numa garantia, participar de treinamentos, conferir os nossos informativos,<br \/>\nver refer\u00eancias t\u00e9cnicas ou localizar uma oficina credenciada.[\/vc_column_text][vc_empty_space height=&#8221;40px&#8221;][\/vc_column][\/mk_page_section][mk_page_section bg_color=&#8221;#f0f0f0&#8243; video_opacity=&#8221;1&#8243; padding_top=&#8221;0&#8243; padding_bottom=&#8221;0&#8243; el_class=&#8221;estrutura-de-vendas-conteudo&#8221; sidebar=&#8221;sidebar-1&#8243;][vc_column width=&#8221;1\/2&#8243; css=&#8221;.vc_custom_1616790527583{margin-top: 0px !important;margin-right: 0px !important;margin-bottom: 0px !important;margin-left: 0px !important;padding-top: 40px !important;padding-bottom: 40px !important;}&#8221;][vc_row_inner css=&#8221;.vc_custom_1616766901215{margin-top: 0px !important;margin-right: 0px !important;margin-bottom: 0px !important;margin-left: 0px !important;padding-top: 40px !important;padding-right: 40px !important;padding-bottom: 40px !important;padding-left: 40px !important;background-color: #ffffff !important;}&#8221;][vc_column_inner el_class=&#8221;aftermarket-produto&#8221; css=&#8221;.vc_custom_1616769266840{margin-top: 0px !important;margin-right: 0px !important;margin-bottom: 0px !important;margin-left: 0px !important;padding-top: 0px !important;padding-right: 0px !important;padding-bottom: 0px !important;padding-left: 0px !important;}&#8221;][vc_column_text css=&#8221;.vc_custom_1617030591898{margin-bottom: 0px !important;}&#8221;]A Schulz seleciona as melhores oficinas para formar a sua rede credenciada. Sempre que necessitar de assist\u00eancia t\u00e9cnica para os produtos da marca ou precisar de uma manuten\u00e7\u00e3o de qualidade, procure as nossas parceiras. Se voc\u00ea tiver uma oficina de refer\u00eancia, entre em contato e fa\u00e7a parte do time.[\/vc_column_text][vc_separator][mk_button dimension=&#8221;outline&#8221; size=&#8221;medium&#8221; url=&#8221;https:\/\/www.schulzautomotiva.com.br\/aftermarket\/suporte-tecnico\/oficinas-credenciadas\/localizar-credenciadas\/?1&#8243; outline_skin=&#8221;custom&#8221; outline_active_color=&#8221;#005087&#8243; outline_active_text_color=&#8221;#005087&#8243; outline_hover_bg_color=&#8221;#005087&#8243; outline_hover_color=&#8221;#ffffff&#8221;]Encontre a Oficina Credenciada mais Pr\u00f3xima[\/mk_button][\/vc_column_inner][\/vc_row_inner][\/vc_column][vc_column width=&#8221;1\/2&#8243; css=&#8221;.vc_custom_1617648928585{margin-top: 0px !important;margin-right: 0px !important;margin-bottom: 0px !important;margin-left: 0px !important;padding-top: 30px !important;padding-bottom: 30px !important;}&#8221;][mk_image src=&#8221;https:\/\/www.schulzautomotiva.com.br\/aftermarket\/wp-content\/uploads\/2021\/04\/oficina-credenciada.jpg&#8221; image_size=&#8221;large&#8221;][\/vc_column][\/mk_page_section][mk_page_section bg_image=&#8221;https:\/\/www.schulzautomotiva.com.br\/aftermarket\/wp-content\/uploads\/2021\/03\/img_9938-scaled.jpg&#8221; bg_color=&#8221;#1a3b69&#8243; video_color_mask=&#8221;#1a3b69&#8243; video_opacity=&#8221;0.9&#8243; padding_top=&#8221;0&#8243; padding_bottom=&#8221;0&#8243; el_class=&#8221;suporte-tecnico-card&#8221; sidebar=&#8221;sidebar-1&#8243;][vc_column][vc_empty_space height=&#8221;50px&#8221;][vc_column_text disable_pattern=&#8221;false&#8221; align=&#8221;center&#8221; el_class=&#8221;texto-branco&#8221; css=&#8221;.vc_custom_1616789557533{margin-bottom: 0px !important;}&#8221;]\n<h3>Veja Tamb\u00e9m<\/h3>\n[\/vc_column_text][mk_divider style=&#8221;thin_solid&#8221; divider_width=&#8221;custom_width&#8221; custom_width=&#8221;180&#8243; thin_single_color=&#8221;#ffcb04&#8243; thickness=&#8221;2&#8243; margin_top=&#8221;0&#8243; margin_bottom=&#8221;30&#8243;][\/vc_column][vc_column][vc_row_inner][vc_column_inner el_class=&#8221;home-compressores&#8221; width=&#8221;1\/3&#8243;][mk_image src=&#8221;https:\/\/www.schulzautomotiva.com.br\/aftermarket\/wp-content\/uploads\/2021\/04\/processo-de-garantia-2.jpg&#8221; image_size=&#8221;full&#8221; link=&#8221;https:\/\/www.schulzautomotiva.com.br\/aftermarket\/suporte-tecnico\/processo-de-garantia\/&#8221; margin_bottom=&#8221;0&#8243;][vc_raw_html]JTNDYSUyMGhyZWYlM0QlMjJodHRwcyUzQSUyRiUyRnd3dy5zY2h1bHphdXRvbW90aXZhLmNvbS5iciUyRmFmdGVybWFya2V0JTJGc3Vwb3J0ZS10ZWNuaWNvJTJGcHJvY2Vzc28tZGUtZ2FyYW50aWElMkYlMjIlMjBjbGFzcyUzRCUyMmhvbWUtY29tcHJlc3NvcmVzLWxpbmslMjIlM0VQcm9jZXNzbyUyMGRlJTIwR2FyYW50aWElM0MlMkZhJTNF[\/vc_raw_html][vc_empty_space height=&#8221;5px&#8221;][\/vc_column_inner][vc_column_inner el_class=&#8221;home-compressores&#8221; width=&#8221;1\/3&#8243;][mk_image src=&#8221;https:\/\/www.schulzautomotiva.com.br\/aftermarket\/wp-content\/uploads\/2021\/04\/treinamento-2.jpg&#8221; image_size=&#8221;full&#8221; link=&#8221;https:\/\/www.schulzautomotiva.com.br\/aftermarket\/suporte-tecnico\/cursos-e-palestras&#8221; margin_bottom=&#8221;0&#8243;][vc_raw_html]JTNDYSUyMGhyZWYlM0QlMjJodHRwcyUzQSUyRiUyRnd3dy5zY2h1bHphdXRvbW90aXZhLmNvbS5iciUyRmFmdGVybWFya2V0JTJGc3Vwb3J0ZS10ZWNuaWNvJTJGY3Vyc29zLWUtcGFsZXN0cmFzJTIyJTIwY2xhc3MlM0QlMjJob21lLWNvbXByZXNzb3Jlcy1saW5rJTIyJTNFQ3Vyc29zJTIwZSUyMFBhbGVzdHJhcyUzQyUyRmElM0U=[\/vc_raw_html][vc_empty_space height=&#8221;5px&#8221;][\/vc_column_inner][vc_column_inner el_class=&#8221;home-compressores&#8221; width=&#8221;1\/3&#8243;][mk_image src=&#8221;https:\/\/www.schulzautomotiva.com.br\/aftermarket\/wp-content\/uploads\/2021\/04\/oficina-credenciada.jpg&#8221; image_size=&#8221;full&#8221; link=&#8221;https:\/\/www.schulzautomotiva.com.br\/aftermarket\/suporte-tecnico\/oficinas-credenciadas&#8221; margin_bottom=&#8221;0&#8243;][vc_raw_html]JTNDYSUyMGhyZWYlM0QlMjJodHRwcyUzQSUyRiUyRnd3dy5zY2h1bHphdXRvbW90aXZhLmNvbS5iciUyRmFmdGVybWFya2V0JTJGc3Vwb3J0ZS10ZWNuaWNvJTJGb2ZpY2luYXMtY3JlZGVuY2lhZGFzJTIyJTIwY2xhc3MlM0QlMjJob21lLWNvbXByZXNzb3Jlcy1saW5rJTIyJTNFT2ZpY2luYXMlMjBDcmVkZW5jaWFkYXMlM0MlMkZhJTNF[\/vc_raw_html][vc_empty_space height=&#8221;5px&#8221;][\/vc_column_inner][\/vc_row_inner][\/vc_column][\/mk_page_section]\n","protected":false},"excerpt":{"rendered":"<p>[mk_page_section bg_image=&#8221;https:\/\/www.schulzautomotiva.com.br\/aftermarket\/wp-content\/uploads\/2021\/04\/schulz_suporte-scaled.jpg&#8221; bg_position=&#8221;center center&#8221; bg_repeat=&#8221;no-repeat&#8221; bg_stretch=&#8221;true&#8221; video_color_mask=&#8221;rgba(0,0,0,0.75)&#8221; video_opacity=&#8221;0.9&#8243; padding_top=&#8221;100&#8243; padding_bottom=&#8221;0&#8243; section_id=&#8221;reconhecimento&#8221; el_class=&#8221;reconhecimentos texto-branco&#8221; sidebar=&#8221;sidebar-1&#8243;][vc_column css=&#8221;.vc_custom_1547575072346{margin-top: 0px !important;margin-right: 0px !important;margin-bottom: 0px !important;margin-left: 0px !important;padding-top: 0px !important;padding-right: 20px !important;padding-bottom: 0px !important;padding-left: 20px !important;}&#8221;][vc_empty_space height=&#8221;50px&#8221;][vc_column_text disable_pattern=&#8221;false&#8221; css=&#8221;.vc_custom_1617030565559{margin-bottom: 0px !important;}&#8221;] Oficinas Credenciadas [\/vc_column_text][mk_divider style=&#8221;thin_solid&#8221; divider_width=&#8221;custom_width&#8221; custom_width=&#8221;180&#8243; align=&#8221;left&#8221; thin_single_color=&#8221;#ffcb04&#8243; thickness=&#8221;2&#8243; margin_top=&#8221;0&#8243; margin_bottom=&#8221;30&#8243;][vc_raw_html]JTVCYnJlYWRjcnVtYiU1RA==[\/vc_raw_html][vc_column_text disable_pattern=&#8221;false&#8221; el_class=&#8221;no-br-on-small texto-apoio&#8221; css=&#8221;.vc_custom_1617024734827{margin-bottom: 0px !important;}&#8221;]Al\u00e9m de fornecer [&hellip;]<\/p>\n","protected":false},"author":9,"featured_media":0,"parent":4592,"menu_order":2,"comment_status":"closed","ping_status":"closed","template":"","meta":{"_mi_skip_tracking":false,"_monsterinsights_sitenote_active":false,"_monsterinsights_sitenote_note":"","_monsterinsights_sitenote_category":0},"_links":{"self":[{"href":"https:\/\/www.schulzautomotiva.com.br\/aftermarket\/wp-json\/wp\/v2\/pages\/4637"}],"collection":[{"href":"https:\/\/www.schulzautomotiva.com.br\/aftermarket\/wp-json\/wp\/v2\/pages"}],"about":[{"href":"https:\/\/www.schulzautomotiva.com.br\/aftermarket\/wp-json\/wp\/v2\/types\/page"}],"author":[{"embeddable":true,"href":"https:\/\/www.schulzautomotiva.com.br\/aftermarket\/wp-json\/wp\/v2\/users\/9"}],"replies":[{"embeddable":true,"href":"https:\/\/www.schulzautomotiva.com.br\/aftermarket\/wp-json\/wp\/v2\/comments?post=4637"}],"version-history":[{"count":19,"href":"https:\/\/www.schulzautomotiva.com.br\/aftermarket\/wp-json\/wp\/v2\/pages\/4637\/revisions"}],"predecessor-version":[{"id":6050,"href":"https:\/\/www.schulzautomotiva.com.br\/aftermarket\/wp-json\/wp\/v2\/pages\/4637\/revisions\/6050"}],"up":[{"embeddable":true,"href":"https:\/\/www.schulzautomotiva.com.br\/aftermarket\/wp-json\/wp\/v2\/pages\/4592"}],"wp:attachment":[{"href":"https:\/\/www.schulzautomotiva.com.br\/aftermarket\/wp-json\/wp\/v2\/media?parent=4637"}],"curies":[{"name":"wp","href":"https:\/\/api.w.org\/{rel}","templated":true}]}}