{"id":4580,"date":"2021-03-29T09:36:16","date_gmt":"2021-03-29T12:36:16","guid":{"rendered":"https:\/\/www.schulzautomotiva.com.br\/aftermarket\/?page_id=4580"},"modified":"2024-05-22T17:32:51","modified_gmt":"2024-05-22T20:32:51","slug":"logistica","status":"publish","type":"page","link":"https:\/\/www.schulzautomotiva.com.br\/aftermarket\/estrutura-de-vendas\/logistica\/","title":{"rendered":"Log\u00edstica"},"content":{"rendered":"[mk_page_section bg_image=&#8221;https:\/\/www.schulzautomotiva.com.br\/aftermarket\/wp-content\/uploads\/2021\/04\/schulz-logistica.jpg&#8221; bg_position=&#8221;center center&#8221; bg_repeat=&#8221;no-repeat&#8221; bg_stretch=&#8221;true&#8221; video_color_mask=&#8221;rgba(0,0,0,0.75)&#8221; video_opacity=&#8221;0.9&#8243; padding_top=&#8221;100&#8243; padding_bottom=&#8221;0&#8243; section_id=&#8221;reconhecimento&#8221; el_class=&#8221;reconhecimentos texto-branco&#8221; sidebar=&#8221;sidebar-1&#8243;][vc_column css=&#8221;.vc_custom_1547575072346{margin-top: 0px !important;margin-right: 0px !important;margin-bottom: 0px !important;margin-left: 0px !important;padding-top: 0px !important;padding-right: 20px !important;padding-bottom: 0px !important;padding-left: 20px !important;}&#8221;][vc_empty_space height=&#8221;50px&#8221;][vc_column_text disable_pattern=&#8221;false&#8221; css=&#8221;.vc_custom_1617021580134{margin-bottom: 0px !important;}&#8221;]\n<h1>Log\u00edstica<\/h1>\n[\/vc_column_text][mk_divider style=&#8221;thin_solid&#8221; divider_width=&#8221;custom_width&#8221; custom_width=&#8221;180&#8243; align=&#8221;left&#8221; thin_single_color=&#8221;#ffcb04&#8243; thickness=&#8221;2&#8243; margin_top=&#8221;0&#8243; margin_bottom=&#8221;30&#8243;][vc_raw_html]JTVCYnJlYWRjcnVtYiU1RA==[\/vc_raw_html][vc_column_text disable_pattern=&#8221;false&#8221; el_class=&#8221;no-br-on-small texto-apoio&#8221; css=&#8221;.vc_custom_1616786159558{margin-bottom: 0px !important;}&#8221;]A Schulz conta com uma completa estrutura de vendas, marketing e log\u00edstica<br \/>\npara atender cada cliente de uma forma personalizada e com o dinamismo que<br \/>\na reposi\u00e7\u00e3o automotiva exige. Nossos representantes e equipes de consultores<br \/>\nest\u00e3o presentes em todos os estados brasileiros e pa\u00edses da Am\u00e9rica do Sul.[\/vc_column_text][vc_empty_space height=&#8221;40px&#8221;][\/vc_column][\/mk_page_section][mk_page_section bg_color=&#8221;#f0f0f0&#8243; video_opacity=&#8221;1&#8243; padding_top=&#8221;0&#8243; padding_bottom=&#8221;0&#8243; el_class=&#8221;estrutura-de-vendas-conteudo&#8221; sidebar=&#8221;sidebar-1&#8243;][vc_column width=&#8221;1\/2&#8243; css=&#8221;.vc_custom_1616790527583{margin-top: 0px !important;margin-right: 0px !important;margin-bottom: 0px !important;margin-left: 0px !important;padding-top: 40px !important;padding-bottom: 40px !important;}&#8221;][vc_row_inner css=&#8221;.vc_custom_1616766901215{margin-top: 0px !important;margin-right: 0px !important;margin-bottom: 0px !important;margin-left: 0px !important;padding-top: 40px !important;padding-right: 40px !important;padding-bottom: 40px !important;padding-left: 40px !important;background-color: #ffffff !important;}&#8221;][vc_column_inner el_class=&#8221;aftermarket-produto&#8221; css=&#8221;.vc_custom_1616769266840{margin-top: 0px !important;margin-right: 0px !important;margin-bottom: 0px !important;margin-left: 0px !important;padding-top: 0px !important;padding-right: 0px !important;padding-bottom: 0px !important;padding-left: 0px !important;}&#8221;][vc_column_text css=&#8221;.vc_custom_1617021604658{margin-bottom: 0px !important;}&#8221;]Ao unir uma estrutura log\u00edstica pr\u00f3pria e moderna com dezenas de milhares de itens em estoque, a Schulz \u00e9 capaz de entregar pedidos de qualquer porte num prazo recorde. As sinergias com outras unidades do grupo garantem um baixo custo de frete mesmo nas cidades mais distantes do Brasil ou pa\u00edses vizinhos.[\/vc_column_text][\/vc_column_inner][\/vc_row_inner][\/vc_column][vc_column width=&#8221;1\/2&#8243; css=&#8221;.vc_custom_1617648334994{margin-top: 0px !important;margin-right: 0px !important;margin-bottom: 0px !important;margin-left: 0px !important;padding-top: 30px !important;padding-bottom: 30px !important;}&#8221;][mk_image src=&#8221;https:\/\/www.schulzautomotiva.com.br\/aftermarket\/wp-content\/uploads\/2024\/05\/novo-projeto-1.jpg&#8221; image_size=&#8221;large&#8221;][\/vc_column][\/mk_page_section][mk_page_section bg_image=&#8221;https:\/\/www.schulzautomotiva.com.br\/aftermarket\/wp-content\/uploads\/2021\/03\/img_9938-scaled.jpg&#8221; bg_color=&#8221;#1a3b69&#8243; video_color_mask=&#8221;#1a3b69&#8243; video_opacity=&#8221;0.9&#8243; padding_top=&#8221;0&#8243; padding_bottom=&#8221;0&#8243; el_class=&#8221;estrutura-de-vendas-mais&#8221; sidebar=&#8221;sidebar-1&#8243;][vc_column][vc_empty_space height=&#8221;50px&#8221;][vc_column_text disable_pattern=&#8221;false&#8221; align=&#8221;center&#8221; el_class=&#8221;texto-branco&#8221; css=&#8221;.vc_custom_1616789557533{margin-bottom: 0px !important;}&#8221;]\n<h3>Veja Tamb\u00e9m<\/h3>\n[\/vc_column_text][mk_divider style=&#8221;thin_solid&#8221; divider_width=&#8221;custom_width&#8221; custom_width=&#8221;180&#8243; thin_single_color=&#8221;#ffcb04&#8243; thickness=&#8221;2&#8243; margin_top=&#8221;0&#8243; margin_bottom=&#8221;30&#8243;][\/vc_column][vc_column width=&#8221;1\/3&#8243; css=&#8221;.vc_custom_1617648393939{margin-top: 0px !important;margin-right: 0px !important;margin-bottom: 0px !important;margin-left: 0px !important;padding-top: 0px !important;padding-bottom: 0px !important;}&#8221;][vc_row_inner el_class=&#8221;home-compressores&#8221;][vc_column_inner][mk_image src=&#8221;https:\/\/www.schulzautomotiva.com.br\/aftermarket\/wp-content\/uploads\/2024\/05\/0y4a1316-scaled.jpg&#8221; image_size=&#8221;full&#8221; link=&#8221;https:\/\/www.schulzautomotiva.com.br\/aftermarket\/estrutura-de-vendas\/representantes\/&#8221; margin_bottom=&#8221;0&#8243;][vc_raw_html]JTNDYSUyMGhyZWYlM0QlMjJodHRwcyUzQSUyRiUyRnd3dy5zY2h1bHphdXRvbW90aXZhLmNvbS5iciUyRmFmdGVybWFya2V0JTJGZXN0cnV0dXJhLWRlLXZlbmRhcyUyRnJlcHJlc2VudGFudGVzJTJGJTIyJTIwY2xhc3MlM0QlMjJob21lLWNvbXByZXNzb3Jlcy1saW5rJTIyJTNFUmVwcmVzZW50YW50ZXMlM0MlMkZhJTNF[\/vc_raw_html][vc_empty_space height=&#8221;15px&#8221;][\/vc_column_inner][\/vc_row_inner][\/vc_column][vc_column width=&#8221;1\/3&#8243; css=&#8221;.vc_custom_1617648400437{margin-top: 0px !important;margin-right: 0px !important;margin-bottom: 0px !important;margin-left: 0px !important;padding-top: 0px !important;padding-bottom: 0px !important;}&#8221;][vc_row_inner el_class=&#8221;home-compressores&#8221;][vc_column_inner][mk_image src=&#8221;https:\/\/www.schulzautomotiva.com.br\/aftermarket\/wp-content\/uploads\/2024\/05\/novo-projeto.jpg&#8221; image_size=&#8221;full&#8221; link=&#8221;https:\/\/www.schulzautomotiva.com.br\/aftermarket\/estrutura-de-vendas\/marketing\/&#8221; margin_bottom=&#8221;0&#8243;][vc_raw_html]JTNDYSUyMGhyZWYlM0QlMjJodHRwcyUzQSUyRiUyRnd3dy5zY2h1bHphdXRvbW90aXZhLmNvbS5iciUyRmFmdGVybWFya2V0JTJGZXN0cnV0dXJhLWRlLXZlbmRhcyUyRm1hcmtldGluZyUyRiUyMiUyMGNsYXNzJTNEJTIyaG9tZS1jb21wcmVzc29yZXMtbGluayUyMiUzRU1hcmtldGluZyUzQyUyRmElM0U=[\/vc_raw_html][vc_empty_space height=&#8221;15px&#8221;][\/vc_column_inner][\/vc_row_inner][\/vc_column][vc_column width=&#8221;1\/3&#8243; css=&#8221;.vc_custom_1617648409567{margin-top: 0px !important;margin-right: 0px !important;margin-bottom: 0px !important;margin-left: 0px !important;padding-top: 0px !important;padding-bottom: 0px !important;}&#8221;][vc_row_inner el_class=&#8221;home-compressores&#8221;][vc_column_inner][mk_image src=&#8221;https:\/\/www.schulzautomotiva.com.br\/aftermarket\/wp-content\/uploads\/2024\/05\/novo-projeto-1.jpg&#8221; image_size=&#8221;full&#8221; link=&#8221;https:\/\/www.schulzautomotiva.com.br\/aftermarket\/estrutura-de-vendas\/logistica\/&#8221; margin_bottom=&#8221;0&#8243;][vc_raw_html]JTNDYSUyMGhyZWYlM0QlMjJodHRwcyUzQSUyRiUyRnd3dy5zY2h1bHphdXRvbW90aXZhLmNvbS5iciUyRmFmdGVybWFya2V0JTJGZXN0cnV0dXJhLWRlLXZlbmRhcyUyRmxvZ2lzdGljYSUyRiUyMiUyMGNsYXNzJTNEJTIyaG9tZS1jb21wcmVzc29yZXMtbGluayUyMiUzRUxvZyVDMyVBRHN0aWNhJTNDJTJGYSUzRQ==[\/vc_raw_html][vc_empty_space height=&#8221;15px&#8221;][\/vc_column_inner][\/vc_row_inner][\/vc_column][\/mk_page_section]\n","protected":false},"excerpt":{"rendered":"<p>[mk_page_section bg_image=&#8221;https:\/\/www.schulzautomotiva.com.br\/aftermarket\/wp-content\/uploads\/2021\/04\/schulz-logistica.jpg&#8221; bg_position=&#8221;center center&#8221; bg_repeat=&#8221;no-repeat&#8221; bg_stretch=&#8221;true&#8221; video_color_mask=&#8221;rgba(0,0,0,0.75)&#8221; video_opacity=&#8221;0.9&#8243; padding_top=&#8221;100&#8243; padding_bottom=&#8221;0&#8243; section_id=&#8221;reconhecimento&#8221; el_class=&#8221;reconhecimentos texto-branco&#8221; sidebar=&#8221;sidebar-1&#8243;][vc_column css=&#8221;.vc_custom_1547575072346{margin-top: 0px !important;margin-right: 0px !important;margin-bottom: 0px !important;margin-left: 0px !important;padding-top: 0px !important;padding-right: 20px !important;padding-bottom: 0px !important;padding-left: 20px !important;}&#8221;][vc_empty_space height=&#8221;50px&#8221;][vc_column_text disable_pattern=&#8221;false&#8221; css=&#8221;.vc_custom_1617021580134{margin-bottom: 0px !important;}&#8221;] Log\u00edstica [\/vc_column_text][mk_divider style=&#8221;thin_solid&#8221; divider_width=&#8221;custom_width&#8221; custom_width=&#8221;180&#8243; align=&#8221;left&#8221; thin_single_color=&#8221;#ffcb04&#8243; thickness=&#8221;2&#8243; margin_top=&#8221;0&#8243; margin_bottom=&#8221;30&#8243;][vc_raw_html]JTVCYnJlYWRjcnVtYiU1RA==[\/vc_raw_html][vc_column_text disable_pattern=&#8221;false&#8221; el_class=&#8221;no-br-on-small texto-apoio&#8221; css=&#8221;.vc_custom_1616786159558{margin-bottom: 0px !important;}&#8221;]A Schulz conta com [&hellip;]<\/p>\n","protected":false},"author":9,"featured_media":0,"parent":4523,"menu_order":2,"comment_status":"closed","ping_status":"closed","template":"","meta":{"_mi_skip_tracking":false,"_monsterinsights_sitenote_active":false,"_monsterinsights_sitenote_note":"","_monsterinsights_sitenote_category":0},"_links":{"self":[{"href":"https:\/\/www.schulzautomotiva.com.br\/aftermarket\/wp-json\/wp\/v2\/pages\/4580"}],"collection":[{"href":"https:\/\/www.schulzautomotiva.com.br\/aftermarket\/wp-json\/wp\/v2\/pages"}],"about":[{"href":"https:\/\/www.schulzautomotiva.com.br\/aftermarket\/wp-json\/wp\/v2\/types\/page"}],"author":[{"embeddable":true,"href":"https:\/\/www.schulzautomotiva.com.br\/aftermarket\/wp-json\/wp\/v2\/users\/9"}],"replies":[{"embeddable":true,"href":"https:\/\/www.schulzautomotiva.com.br\/aftermarket\/wp-json\/wp\/v2\/comments?post=4580"}],"version-history":[{"count":16,"href":"https:\/\/www.schulzautomotiva.com.br\/aftermarket\/wp-json\/wp\/v2\/pages\/4580\/revisions"}],"predecessor-version":[{"id":6044,"href":"https:\/\/www.schulzautomotiva.com.br\/aftermarket\/wp-json\/wp\/v2\/pages\/4580\/revisions\/6044"}],"up":[{"embeddable":true,"href":"https:\/\/www.schulzautomotiva.com.br\/aftermarket\/wp-json\/wp\/v2\/pages\/4523"}],"wp:attachment":[{"href":"https:\/\/www.schulzautomotiva.com.br\/aftermarket\/wp-json\/wp\/v2\/media?parent=4580"}],"curies":[{"name":"wp","href":"https:\/\/api.w.org\/{rel}","templated":true}]}}