{"id":4453,"date":"2021-03-26T13:30:09","date_gmt":"2021-03-26T16:30:09","guid":{"rendered":"https:\/\/www.schulzautomotiva.com.br\/aftermarket\/?page_id=4453"},"modified":"2023-10-05T09:05:32","modified_gmt":"2023-10-05T12:05:32","slug":"historia","status":"publish","type":"page","link":"https:\/\/www.schulzautomotiva.com.br\/aftermarket\/historia\/","title":{"rendered":"Hist\u00f3ria"},"content":{"rendered":"[mk_page_section bg_image=&#8221;https:\/\/www.schulzautomotiva.com.br\/aftermarket\/wp-content\/uploads\/2021\/03\/schulz-aerea.jpg&#8221; bg_position=&#8221;center center&#8221; bg_repeat=&#8221;no-repeat&#8221; bg_stretch=&#8221;true&#8221; bg_gradient=&#8221;left_top&#8221; video_color_mask=&#8221;rgba(0,0,0,0.9)&#8221; gr_end=&#8221;rgba(0,0,0,0.2)&#8221; video_opacity=&#8221;1&#8243; padding_top=&#8221;100&#8243; padding_bottom=&#8221;0&#8243; section_id=&#8221;historia&#8221; el_class=&#8221;historia-da-schulz texto-branco&#8221; sidebar=&#8221;sidebar-1&#8243;][vc_column css=&#8221;.vc_custom_1547496780639{margin-top: 0px !important;margin-right: 0px !important;margin-bottom: 0px !important;margin-left: 0px !important;padding-top: 0px !important;padding-right: 60px !important;padding-bottom: 0px !important;padding-left: 20px !important;}&#8221;][vc_empty_space height=&#8221;50px&#8221; el_class=&#8221;divider-40-on-tiny&#8221;][vc_column_text disable_pattern=&#8221;false&#8221; css=&#8221;.vc_custom_1618947637174{margin-bottom: 0px !important;}&#8221;]\n<h1>Nossa Hist\u00f3ria<\/h1>\n[\/vc_column_text][mk_divider style=&#8221;thin_solid&#8221; divider_width=&#8221;custom_width&#8221; custom_width=&#8221;180&#8243; align=&#8221;left&#8221; thin_single_color=&#8221;#ffcb04&#8243; thickness=&#8221;2&#8243; margin_top=&#8221;0&#8243; margin_bottom=&#8221;30&#8243;][vc_column_text disable_pattern=&#8221;false&#8221; el_class=&#8221;no-br-on-small texto-apoio&#8221; css=&#8221;.vc_custom_1696507393325{margin-bottom: 0px !important;}&#8221;]\n<p>A Schulz Automotiva busca a excel\u00eancia a partir de constante investimento<br \/>em tecnologia, qualidade e performance para atender clientes e parceiros<br \/>com os melhores produtos e servi\u00e7os. S\u00e3o diferenciais da Schulz Automotiva<br \/>a elevada qualifica\u00e7\u00e3o de suas equipes e seus equipamentos modernos,<br \/>com uma forte atua\u00e7\u00e3o da engenharia de desenvolvimento de produtos,<br \/>trabalhando em completa sinergia com o cliente para as melhores solu\u00e7\u00f5es<br \/>em materiais, processos e geometria das pe\u00e7as.<\/p>\n[\/vc_column_text][vc_empty_space height=&#8221;40px&#8221; el_class=&#8221;divider-30-on-tiny&#8221;][\/vc_column][\/mk_page_section][vc_row][vc_column width=&#8221;1\/2&#8243;][vc_empty_space height=&#8221;40px&#8221; el_class=&#8221;divider-30-on-tiny&#8221;][vc_column_text disable_pattern=&#8221;false&#8221; css=&#8221;.vc_custom_1696507483104{margin-bottom: 0px !important;}&#8221;]\n<p>Todos os produtos, processos e desenvolvimentos buscam efici\u00eancia cont\u00ednua. Como resultado desse direcionamento, a Schulz Automotiva fornece solu\u00e7\u00e3o completa para os mais complexos projetos, reunindo quatro processos em uma \u00fanica planta: fundi\u00e7\u00e3o, usinagem, pintura e montagem.<\/p>\n<p>O trabalho em equipe realizado com intelig\u00eancia competitiva, conhecimento e precis\u00e3o t\u00e9cnica garante processos robustos de classe mundial. Os mais de 3 mil colaboradores recebem treinamentos constantes e trabalham para entregar o maior n\u00edvel de excel\u00eancia do mercado mundial.<\/p>\n<p>A Schulz Automotiva tamb\u00e9m atua em conjunto com as melhores entidades de ensino e pesquisa no desenvolvimento de normas direcionadas para reutiliza\u00e7\u00e3o das Areias Descartadas de Fundi\u00e7\u00e3o (ADF). Adicionalmente, mant\u00e9m profissionais graduados no tema em seu corpo de trabalho, especializados na gest\u00e3o ambiental das ADFs. Al\u00e9m disto, \u00e9 extremamente atuante junto ao Sindipe\u00e7as e \u00e0 ABIFA, fortalecendo o associativismo, mantendo-se sempre atualizada com as maiores autope\u00e7as e fundi\u00e7\u00f5es instaladas no Brasil.<\/p>\n<p>Ap\u00f3s toda a experi\u00eancia adquirida na ind\u00fastria automobil\u00edstica, a Schulz criou os primeiros produtos exclusivos para a reposi\u00e7\u00e3o em 2012. Em poucos anos, suas linhas de componentes para ve\u00edculos comerciais passaram a ocupar um lugar de destaque nos distribuidores, lojas de autope\u00e7as e oficinas mec\u00e2nicas.<\/p>\n[\/vc_column_text][\/vc_column][vc_column width=&#8221;1\/2&#8243;][vc_empty_space height=&#8221;40px&#8221; el_class=&#8221;divider-30-on-tiny&#8221;][mk_image_slideshow images=&#8221;5041,5044,5047,5050,5194,5056&#8243; image_width=&#8221;1000&#8243; image_height=&#8221;1000&#8243; animation_speed=&#8221;580&#8243; slideshow_speed=&#8221;5000&#8243;][\/vc_column][\/vc_row][vc_row][vc_column][vc_empty_space height=&#8221;40px&#8221;][\/vc_column][\/vc_row]\n","protected":false},"excerpt":{"rendered":"<p>[mk_page_section bg_image=&#8221;https:\/\/www.schulzautomotiva.com.br\/aftermarket\/wp-content\/uploads\/2021\/03\/schulz-aerea.jpg&#8221; bg_position=&#8221;center center&#8221; bg_repeat=&#8221;no-repeat&#8221; bg_stretch=&#8221;true&#8221; bg_gradient=&#8221;left_top&#8221; video_color_mask=&#8221;rgba(0,0,0,0.9)&#8221; gr_end=&#8221;rgba(0,0,0,0.2)&#8221; video_opacity=&#8221;1&#8243; padding_top=&#8221;100&#8243; padding_bottom=&#8221;0&#8243; section_id=&#8221;historia&#8221; el_class=&#8221;historia-da-schulz texto-branco&#8221; sidebar=&#8221;sidebar-1&#8243;][vc_column css=&#8221;.vc_custom_1547496780639{margin-top: 0px !important;margin-right: 0px !important;margin-bottom: 0px !important;margin-left: 0px !important;padding-top: 0px !important;padding-right: 60px !important;padding-bottom: 0px !important;padding-left: 20px !important;}&#8221;][vc_empty_space height=&#8221;50px&#8221; el_class=&#8221;divider-40-on-tiny&#8221;][vc_column_text disable_pattern=&#8221;false&#8221; css=&#8221;.vc_custom_1618947637174{margin-bottom: 0px !important;}&#8221;] Nossa Hist\u00f3ria [\/vc_column_text][mk_divider style=&#8221;thin_solid&#8221; divider_width=&#8221;custom_width&#8221; custom_width=&#8221;180&#8243; align=&#8221;left&#8221; thin_single_color=&#8221;#ffcb04&#8243; thickness=&#8221;2&#8243; margin_top=&#8221;0&#8243; margin_bottom=&#8221;30&#8243;][vc_column_text disable_pattern=&#8221;false&#8221; el_class=&#8221;no-br-on-small texto-apoio&#8221; css=&#8221;.vc_custom_1696507393325{margin-bottom: 0px [&hellip;]<\/p>\n","protected":false},"author":9,"featured_media":0,"parent":0,"menu_order":2,"comment_status":"closed","ping_status":"closed","template":"","meta":{"_mi_skip_tracking":false,"_monsterinsights_sitenote_active":false,"_monsterinsights_sitenote_note":"","_monsterinsights_sitenote_category":0},"_links":{"self":[{"href":"https:\/\/www.schulzautomotiva.com.br\/aftermarket\/wp-json\/wp\/v2\/pages\/4453"}],"collection":[{"href":"https:\/\/www.schulzautomotiva.com.br\/aftermarket\/wp-json\/wp\/v2\/pages"}],"about":[{"href":"https:\/\/www.schulzautomotiva.com.br\/aftermarket\/wp-json\/wp\/v2\/types\/page"}],"author":[{"embeddable":true,"href":"https:\/\/www.schulzautomotiva.com.br\/aftermarket\/wp-json\/wp\/v2\/users\/9"}],"replies":[{"embeddable":true,"href":"https:\/\/www.schulzautomotiva.com.br\/aftermarket\/wp-json\/wp\/v2\/comments?post=4453"}],"version-history":[{"count":20,"href":"https:\/\/www.schulzautomotiva.com.br\/aftermarket\/wp-json\/wp\/v2\/pages\/4453\/revisions"}],"predecessor-version":[{"id":5960,"href":"https:\/\/www.schulzautomotiva.com.br\/aftermarket\/wp-json\/wp\/v2\/pages\/4453\/revisions\/5960"}],"wp:attachment":[{"href":"https:\/\/www.schulzautomotiva.com.br\/aftermarket\/wp-json\/wp\/v2\/media?parent=4453"}],"curies":[{"name":"wp","href":"https:\/\/api.w.org\/{rel}","templated":true}]}}