{"id":4394,"date":"2021-03-26T09:42:32","date_gmt":"2021-03-26T12:42:32","guid":{"rendered":"https:\/\/www.schulzautomotiva.com.br\/aftermarket\/?page_id=4394"},"modified":"2021-06-14T14:31:25","modified_gmt":"2021-06-14T17:31:25","slug":"noticias","status":"publish","type":"page","link":"https:\/\/www.schulzautomotiva.com.br\/aftermarket\/noticias\/","title":{"rendered":"Not\u00edcias"},"content":{"rendered":"[mk_page_section bg_image=&#8221;https:\/\/www.schulzautomotiva.com.br\/aftermarket\/wp-content\/uploads\/2021\/05\/schulz-noticias2.jpg&#8221; bg_position=&#8221;center bottom&#8221; bg_repeat=&#8221;no-repeat&#8221; bg_stretch=&#8221;true&#8221; video_color_mask=&#8221;rgba(0,0,0,0.65)&#8221; video_opacity=&#8221;1&#8243; min_height=&#8221;0&#8243; padding_top=&#8221;100&#8243; padding_bottom=&#8221;0&#8243; el_class=&#8221;noticias-capa texto-branco&#8221; sidebar=&#8221;sidebar-1&#8243;][vc_column][vc_empty_space height=&#8221;60px&#8221;][vc_column_text css=&#8221;.vc_custom_1616765858431{margin-bottom: 0px !important;}&#8221;]\n<h1>Not\u00edcias<\/h1>\n[\/vc_column_text][mk_divider style=&#8221;thin_solid&#8221; divider_width=&#8221;custom_width&#8221; custom_width=&#8221;180&#8243; align=&#8221;left&#8221; thin_single_color=&#8221;#ffcb04&#8243; thickness=&#8221;2&#8243; margin_top=&#8221;0&#8243; margin_bottom=&#8221;30&#8243;][vc_raw_html]JTVCYnJlYWRjcnVtYiU1RA==[\/vc_raw_html][vc_row_inner css=&#8221;.vc_custom_1616765361586{margin-top: 0px !important;margin-right: 0px !important;margin-bottom: 0px !important;margin-left: 0px !important;padding-top: 0px !important;padding-right: 0px !important;padding-bottom: 0px !important;padding-left: 0px !important;}&#8221;][vc_column_inner width=&#8221;5\/6&#8243;][vc_column_text css=&#8221;.vc_custom_1621351217949{margin-bottom: 0px !important;}&#8221;]Para acompanhar o ritmo da reposi\u00e7\u00e3o, a Schulz n\u00e3o para. Estamos sempre desenvolvendo novos produtos,<br \/>\nlan\u00e7ando campanhas de vendas, participando de eventos, realizando treinamentos e percorrendo cada cidade<br \/>\nbrasileira para visitar os nossos clientes. Aqui voc\u00ea fica por dentro de todas essas novidades.[\/vc_column_text][\/vc_column_inner][vc_column_inner width=&#8221;1\/6&#8243;][vc_column_text css=&#8221;.vc_custom_1616764981342{margin-bottom: 0px !important;}&#8221;]\n<p style=\"text-align: right;\"><div class=\"filter-by-year\">\n    <p>Filtrar por ano:<\/p>\n    <form action=\"\" method=\"get\">\n        <select name=\"filter-year\" onchange=\"this.form.submit()\">\n            <option value=\"\">Selecione um ano<\/option>\n            \t<option value='2023'> 2023 <\/option>\n\t<option value='2022'> 2022 <\/option>\n\t<option value='2021'> 2021 <\/option>\n\t<option value='2020'> 2020 <\/option>\n\t<option value='2019'> 2019 <\/option>\n\t<option value='2018'> 2018 <\/option>\n\t<option value='2017'> 2017 <\/option>\n\t<option value='2016'> 2016 <\/option>\n\t<option value='2015'> 2015 <\/option>\n        <\/select>\n    <\/form>\n<\/div>\n[\/vc_column_text][\/vc_column_inner][\/vc_row_inner][vc_empty_space height=&#8221;50px&#8221;][\/vc_column][\/mk_page_section][vc_row el_class=&#8221;noticias&#8221;][vc_column][vc_empty_space height=&#8221;50px&#8221;][mk_blog style=&#8221;newspaper&#8221; grid_image_height=&#8221;200&#8243; post_count=&#8221;12&#8243; post_offset=&#8221;&#8221; excerpt_length=&#8221;150&#8243; exclude_post_format=&#8221;&#8221;][vc_empty_space height=&#8221;80px&#8221;][\/vc_column][\/vc_row]\n","protected":false},"excerpt":{"rendered":"<p>[mk_page_section bg_image=&#8221;https:\/\/www.schulzautomotiva.com.br\/aftermarket\/wp-content\/uploads\/2021\/05\/schulz-noticias2.jpg&#8221; bg_position=&#8221;center bottom&#8221; bg_repeat=&#8221;no-repeat&#8221; bg_stretch=&#8221;true&#8221; video_color_mask=&#8221;rgba(0,0,0,0.65)&#8221; video_opacity=&#8221;1&#8243; min_height=&#8221;0&#8243; padding_top=&#8221;100&#8243; padding_bottom=&#8221;0&#8243; el_class=&#8221;noticias-capa texto-branco&#8221; sidebar=&#8221;sidebar-1&#8243;][vc_column][vc_empty_space height=&#8221;60px&#8221;][vc_column_text css=&#8221;.vc_custom_1616765858431{margin-bottom: 0px !important;}&#8221;] Not\u00edcias [\/vc_column_text][mk_divider style=&#8221;thin_solid&#8221; divider_width=&#8221;custom_width&#8221; custom_width=&#8221;180&#8243; align=&#8221;left&#8221; thin_single_color=&#8221;#ffcb04&#8243; thickness=&#8221;2&#8243; margin_top=&#8221;0&#8243; margin_bottom=&#8221;30&#8243;][vc_raw_html]JTVCYnJlYWRjcnVtYiU1RA==[\/vc_raw_html][vc_row_inner css=&#8221;.vc_custom_1616765361586{margin-top: 0px !important;margin-right: 0px !important;margin-bottom: 0px !important;margin-left: 0px !important;padding-top: 0px !important;padding-right: 0px !important;padding-bottom: 0px !important;padding-left: 0px !important;}&#8221;][vc_column_inner width=&#8221;5\/6&#8243;][vc_column_text css=&#8221;.vc_custom_1621351217949{margin-bottom: 0px !important;}&#8221;]Para acompanhar o ritmo da reposi\u00e7\u00e3o, a [&hellip;]<\/p>\n","protected":false},"author":9,"featured_media":0,"parent":0,"menu_order":0,"comment_status":"closed","ping_status":"closed","template":"","meta":{"_mi_skip_tracking":false,"_monsterinsights_sitenote_active":false,"_monsterinsights_sitenote_note":"","_monsterinsights_sitenote_category":0},"_links":{"self":[{"href":"https:\/\/www.schulzautomotiva.com.br\/aftermarket\/wp-json\/wp\/v2\/pages\/4394"}],"collection":[{"href":"https:\/\/www.schulzautomotiva.com.br\/aftermarket\/wp-json\/wp\/v2\/pages"}],"about":[{"href":"https:\/\/www.schulzautomotiva.com.br\/aftermarket\/wp-json\/wp\/v2\/types\/page"}],"author":[{"embeddable":true,"href":"https:\/\/www.schulzautomotiva.com.br\/aftermarket\/wp-json\/wp\/v2\/users\/9"}],"replies":[{"embeddable":true,"href":"https:\/\/www.schulzautomotiva.com.br\/aftermarket\/wp-json\/wp\/v2\/comments?post=4394"}],"version-history":[{"count":28,"href":"https:\/\/www.schulzautomotiva.com.br\/aftermarket\/wp-json\/wp\/v2\/pages\/4394\/revisions"}],"predecessor-version":[{"id":5833,"href":"https:\/\/www.schulzautomotiva.com.br\/aftermarket\/wp-json\/wp\/v2\/pages\/4394\/revisions\/5833"}],"wp:attachment":[{"href":"https:\/\/www.schulzautomotiva.com.br\/aftermarket\/wp-json\/wp\/v2\/media?parent=4394"}],"curies":[{"name":"wp","href":"https:\/\/api.w.org\/{rel}","templated":true}]}}