{"id":4361,"date":"2021-03-25T16:55:13","date_gmt":"2021-03-25T19:55:13","guid":{"rendered":"https:\/\/www.schulzautomotiva.com.br\/aftermarket\/?page_id=4361"},"modified":"2021-05-18T16:16:59","modified_gmt":"2021-05-18T19:16:59","slug":"fale-conosco","status":"publish","type":"page","link":"https:\/\/www.schulzautomotiva.com.br\/aftermarket\/fale-conosco\/","title":{"rendered":"Fale conosco"},"content":{"rendered":"[mk_page_section bg_image=&#8221;https:\/\/www.schulzautomotiva.com.br\/aftermarket\/wp-content\/uploads\/2021\/04\/fale-conosco.jpg&#8221; attachment=&#8221;fixed&#8221; bg_position=&#8221;center center&#8221; bg_repeat=&#8221;no-repeat&#8221; bg_stretch=&#8221;true&#8221; video_color_mask=&#8221;rgba(0,0,0,0.5)&#8221; video_opacity=&#8221;1&#8243; padding_top=&#8221;100&#8243; padding_bottom=&#8221;0&#8243; el_class=&#8221;fale-conosco texto-branco&#8221; sidebar=&#8221;sidebar-1&#8243;][vc_column css=&#8221;.vc_custom_1556218434390{margin-top: 0px !important;margin-right: 0px !important;margin-bottom: 0px !important;margin-left: 0px !important;padding-top: 0px !important;padding-right: 20px !important;padding-bottom: 0px !important;padding-left: 20px !important;}&#8221; offset=&#8221;vc_col-lg-6 vc_col-md-6&#8243;][vc_empty_space height=&#8221;50px&#8221; el_class=&#8221;divider-40-on-1024 divider-30-on-tiny&#8221;][vc_column_text disable_pattern=&#8221;false&#8221; css=&#8221;.vc_custom_1548159603611{margin-bottom: 0px !important;}&#8221;]\n<h1>Fale conosco<\/h1>\n[\/vc_column_text][mk_divider style=&#8221;thin_solid&#8221; divider_width=&#8221;custom_width&#8221; custom_width=&#8221;180&#8243; align=&#8221;left&#8221; thin_single_color=&#8221;#ffcb04&#8243; thickness=&#8221;2&#8243; margin_top=&#8221;0&#8243; margin_bottom=&#8221;30&#8243;][vc_raw_html]JTVCYnJlYWRjcnVtYiU1RA==[\/vc_raw_html][vc_column_text disable_pattern=&#8221;false&#8221; css=&#8221;.vc_custom_1619806323248{margin-bottom: 0px !important;}&#8221;]As equipes da Schulz est\u00e3o sempre prontas para atender e resolver qualquer solicita\u00e7\u00e3o dos clientes da reposi\u00e7\u00e3o automotiva. Para entrar em contato com os nossos especialistas, escolha o assunto de acordo com a sua necessidade, envie a mensagem e n\u00f3s retornaremos o contato no menor prazo poss\u00edvel.[\/vc_column_text][mk_contact_info title=&#8221;Schulz S\/A Matriz&#8221; phone=&#8221;0800-888-3726&#8243; fax=&#8221;(47) 9.9971-3520&#8243; email=&#8221;sac.automotiva@schulz.com.br&#8221; address=&#8221;Rua Dona Francisca, 6.901 &#8211; Joinville &#8211; Santa Catarina &#8211; BrasilCEP: 89.219-600&#8243; el_class=&#8221;contact-infos-page&#8221;][\/vc_column][vc_column css=&#8221;.vc_custom_1556218445319{margin-top: 0px !important;margin-right: 0px !important;margin-bottom: 0px !important;margin-left: 0px !important;padding-top: 0px !important;padding-right: 20px !important;padding-bottom: 0px !important;padding-left: 20px !important;}&#8221; offset=&#8221;vc_col-lg-6 vc_col-md-6&#8243;][vc_empty_space height=&#8221;50px&#8221; el_class=&#8221;divider-40-on-1024 divider-10-on-small&#8221;]\n                <div class='gf_browser_gecko gform_wrapper gform_legacy_markup_wrapper' id='gform_wrapper_3' ><form method='post' enctype='multipart\/form-data' target='gform_ajax_frame_3' id='gform_3'  action='\/aftermarket\/wp-json\/wp\/v2\/pages\/4361' novalidate>\n                        <div class='gform_body gform-body'><ul id='gform_fields_3' class='gform_fields top_label form_sublabel_below description_below'><li id=\"field_3_19\" class=\"gfield gfield--width-full gform_hidden field_sublabel_below field_description_below gfield_visibility_visible\" ><div class='ginput_container ginput_container_text'><input name='input_19' id='input_3_19' type='hidden' class='gform_hidden'  aria-invalid=\"false\" value='20' \/><\/div><\/li><li id=\"field_3_20\" class=\"gfield gfield--width-full gform_hidden field_sublabel_below field_description_below gfield_visibility_visible\" ><div class='ginput_container ginput_container_text'><input name='input_20' id='input_3_20' type='hidden' class='gform_hidden'  aria-invalid=\"false\" value='30' \/><\/div><\/li><li id=\"field_3_5\" class=\"gfield radio-box gfield_contains_required field_sublabel_below field_description_below gfield_visibility_visible\" ><label class='gfield_label'  >Tipo da mensagem<span class=\"gfield_required\"><span class=\"gfield_required gfield_required_asterisk\">*<\/span><\/span><\/label><div class='ginput_container ginput_container_radio'><ul class='gfield_radio' id='input_3_5'>\n\t\t\t<li class='gchoice gchoice_3_5_0'>\n\t\t\t\t<input name='input_5' type='radio' value='10'  id='choice_3_5_0'    \/>\n\t\t\t\t<label for='choice_3_5_0' id='label_3_5_0'>D\u00favida, sugest\u00e3o ou elogio<\/label>\n\t\t\t<\/li>\n\t\t\t<li class='gchoice gchoice_3_5_1'>\n\t\t\t\t<input name='input_5' type='radio' value='20'  id='choice_3_5_1'    \/>\n\t\t\t\t<label for='choice_3_5_1' id='label_3_5_1'>Reclama\u00e7\u00e3o<\/label>\n\t\t\t<\/li><\/ul><\/div><\/li><li id=\"field_3_1\" class=\"gfield gfield_contains_required field_sublabel_below field_description_below hidden_label gfield_visibility_visible\" ><label class='gfield_label' for='input_3_1' >Nome completo<span class=\"gfield_required\"><span class=\"gfield_required gfield_required_asterisk\">*<\/span><\/span><\/label><div class='ginput_container ginput_container_text'><input name='input_1' id='input_3_1' type='text' value='' class='large'    placeholder='Nome completo' aria-required=\"true\" aria-invalid=\"false\"   \/> <\/div><\/li><li id=\"field_3_6\" class=\"gfield telefone gfield_contains_required field_sublabel_below field_description_below hidden_label gfield_visibility_visible\" ><label class='gfield_label' for='input_3_6' >E-mail<span class=\"gfield_required\"><span class=\"gfield_required gfield_required_asterisk\">*<\/span><\/span><\/label><div class='ginput_container ginput_container_email'>\n                            <input name='input_6' id='input_3_6' type='email' value='' class='large'   placeholder='E-mail' aria-required=\"true\" aria-invalid=\"false\"  \/>\n                        <\/div><\/li><li id=\"field_3_15\" class=\"gfield pais gfield_contains_required field_sublabel_below field_description_below hidden_label gfield_visibility_visible\" ><label class='gfield_label' for='input_3_15' >CPF<span class=\"gfield_required\"><span class=\"gfield_required gfield_required_asterisk\">*<\/span><\/span><\/label><div class='ginput_container ginput_container_text'><input name='input_15' id='input_3_15' type='text' value='' class='large'    placeholder='CPF' aria-required=\"true\" aria-invalid=\"false\"   \/> <\/div><\/li><li id=\"field_3_7\" class=\"gfield telefone gfield_contains_required field_sublabel_below field_description_below hidden_label gfield_visibility_visible\" ><label class='gfield_label' for='input_3_7' >Telefone<span class=\"gfield_required\"><span class=\"gfield_required gfield_required_asterisk\">*<\/span><\/span><\/label><div class='ginput_container ginput_container_text'><input name='input_7' id='input_3_7' type='text' value='' class='large'    placeholder='Telefone' aria-required=\"true\" aria-invalid=\"false\"   \/> <\/div><\/li><li id=\"field_3_9\" class=\"gfield pais field_sublabel_below field_description_below hidden_label gfield_visibility_visible\" ><label class='gfield_label' for='input_3_9' >Pa\u00eds<\/label><div class='ginput_container ginput_container_text'><input name='input_9' id='input_3_9' type='text' value='' class='large'    placeholder='Pa\u00eds'  aria-invalid=\"false\"   \/> <\/div><\/li><li id=\"field_3_17\" class=\"gfield estado field_sublabel_below field_description_below hidden_label gfield_visibility_visible\" ><label class='gfield_label' for='input_3_17' >Informe seu estado<\/label><div class='ginput_container ginput_container_select'><select name='input_17' data-autofill='state' id='input_3_17'  class='large gfield_select'    aria-invalid=\"false\"><option value='' selected='selected' class='gf_placeholder'>Informe seu estado<\/option><option value='AC' >Acre<\/option><option value='AL' >Alagoas<\/option><option value='AM' >Amazonas<\/option><option value='AP' >Amap\u00e1<\/option><option value='BA' >Bahia<\/option><option value='CE' >Cear\u00e1<\/option><option value='DF' >Distrito Federal<\/option><option value='ES' >Esp\u00edrito Santo<\/option><option value='GO' >Goi\u00e1s<\/option><option value='MA' >Maranh\u00e3o<\/option><option value='MG' >Minas Gerais<\/option><option value='MS' >Mato Grosso do Sul<\/option><option value='MT' >Mato Grosso<\/option><option value='PA' >Par\u00e1<\/option><option value='PB' >Para\u00edba<\/option><option value='PE' >Pernambuco<\/option><option value='PI' >Piau\u00ed<\/option><option value='PR' >Paran\u00e1<\/option><option value='RJ' >Rio de Janeiro<\/option><option value='RN' >Rio Grande do Norte<\/option><option value='RO' >Rond\u00f4nia<\/option><option value='RR' >Roraima<\/option><option value='RS' >Rio Grande do Sul<\/option><option value='SC' >Santa Catarina<\/option><option value='SE' >Sergipe<\/option><option value='SP' >S\u00e3o Paulo<\/option><option value='TO' >Tocantins<\/option><\/select><\/div><\/li><li id=\"field_3_18\" class=\"gfield cidade field_sublabel_below field_description_below hidden_label gfield_visibility_visible\" ><label class='gfield_label' for='input_3_18' >Informe sua cidade<\/label><div class='ginput_container ginput_container_select'><select name='input_18' data-autofill='city' id='input_3_18'  class='large gfield_select'    aria-invalid=\"false\"><option value='' selected='selected' class='gf_placeholder'>Informe sua cidade<\/option><\/select><\/div><\/li><li id=\"field_3_13\" class=\"gfield gfield_contains_required field_sublabel_below field_description_below hidden_label gfield_visibility_visible\" ><label class='gfield_label' for='input_3_13' >Mensagem<span class=\"gfield_required\"><span class=\"gfield_required gfield_required_asterisk\">*<\/span><\/span><\/label><div class='ginput_container ginput_container_textarea'><textarea name='input_13' id='input_3_13' class='textarea large'    placeholder='Mensagem' aria-required=\"true\" aria-invalid=\"false\"   rows='10' cols='50'><\/textarea><\/div><\/li><li id=\"field_3_21\" class=\"gfield gfield--width-full field_sublabel_below field_description_below hidden_label gfield_visibility_visible\" ><label class='gfield_label' for='input_3_21' >CAPTCHA<\/label><div id='input_3_21' class='ginput_container ginput_recaptcha' data-sitekey='6Lfi280bAAAAAO_lGulVfWwA7hDzqmWpLRu1-Rj_'  data-theme='light' data-tabindex='0'  data-badge=''><\/div><\/li><\/ul><\/div>\n        <div class='gform_footer top_label'> <input type='submit' id='gform_submit_button_3' class='gform_button button' value='Enviar'  onclick='if(window[\"gf_submitting_3\"]){return false;}  if( !jQuery(\"#gform_3\")[0].checkValidity || jQuery(\"#gform_3\")[0].checkValidity()){window[\"gf_submitting_3\"]=true;}  ' onkeypress='if( event.keyCode == 13 ){ if(window[\"gf_submitting_3\"]){return false;} if( !jQuery(\"#gform_3\")[0].checkValidity || jQuery(\"#gform_3\")[0].checkValidity()){window[\"gf_submitting_3\"]=true;}  jQuery(\"#gform_3\").trigger(\"submit\",[true]); }' \/> <input type='hidden' name='gform_ajax' value='form_id=3&amp;title=&amp;description=&amp;tabindex=0' \/>\n            <input type='hidden' class='gform_hidden' name='is_submit_3' value='1' \/>\n            <input type='hidden' class='gform_hidden' name='gform_submit' value='3' \/>\n            \n            <input type='hidden' class='gform_hidden' name='gform_unique_id' value='' \/>\n            <input type='hidden' class='gform_hidden' name='state_3' value='WyJbXSIsIjAzNDQ1NzczZWI3OTZlODljNjJjYTg1OWMxMzk5ZjBmIl0=' \/>\n            <input type='hidden' class='gform_hidden' name='gform_target_page_number_3' id='gform_target_page_number_3' value='0' \/>\n            <input type='hidden' class='gform_hidden' name='gform_source_page_number_3' id='gform_source_page_number_3' value='1' \/>\n            <input type='hidden' name='gform_field_values' value='' \/>\n            \n        <\/div>\n                        <\/form>\n                        <\/div>\n                <iframe style='display:none;width:0px;height:0px;' src='about:blank' name='gform_ajax_frame_3' id='gform_ajax_frame_3' title='Este iframe cont\u00e9m a l\u00f3gica necess\u00e1ria para manusear os formul\u00e1rios Gravity Forms movidos a AJAX.'><\/iframe>\n                <script type='text\/javascript'>document.addEventListener( 'DOMContentLoaded', function($){gformInitSpinner( 3, 'https:\/\/www.schulzautomotiva.com.br\/aftermarket\/wp-content\/plugins\/gravityforms\/images\/spinner.svg' );jQuery('#gform_ajax_frame_3').on('load',function(){var contents = jQuery(this).contents().find('*').html();var is_postback = contents.indexOf('GF_AJAX_POSTBACK') >= 0;if(!is_postback){return;}var form_content = jQuery(this).contents().find('#gform_wrapper_3');var is_confirmation = jQuery(this).contents().find('#gform_confirmation_wrapper_3').length > 0;var is_redirect = contents.indexOf('gformRedirect(){') >= 0;var is_form = form_content.length > 0 && ! is_redirect && ! is_confirmation;var mt = parseInt(jQuery('html').css('margin-top'), 10) + parseInt(jQuery('body').css('margin-top'), 10) + 100;if(is_form){jQuery('#gform_wrapper_3').html(form_content.html());if(form_content.hasClass('gform_validation_error')){jQuery('#gform_wrapper_3').addClass('gform_validation_error');} else {jQuery('#gform_wrapper_3').removeClass('gform_validation_error');}setTimeout( function() { \/* delay the scroll by 50 milliseconds to fix a bug in chrome *\/  }, 50 );if(window['gformInitDatepicker']) {gformInitDatepicker();}if(window['gformInitPriceFields']) {gformInitPriceFields();}var current_page = jQuery('#gform_source_page_number_3').val();gformInitSpinner( 3, 'https:\/\/www.schulzautomotiva.com.br\/aftermarket\/wp-content\/plugins\/gravityforms\/images\/spinner.svg' );jQuery(document).trigger('gform_page_loaded', [3, current_page]);window['gf_submitting_3'] = false;}else if(!is_redirect){var confirmation_content = jQuery(this).contents().find('.GF_AJAX_POSTBACK').html();if(!confirmation_content){confirmation_content = contents;}setTimeout(function(){jQuery('#gform_wrapper_3').replaceWith(confirmation_content);jQuery(document).trigger('gform_confirmation_loaded', [3]);window['gf_submitting_3'] = false;wp.a11y.speak(jQuery('#gform_confirmation_message_3').text());}, 50);}else{jQuery('#gform_3').append(contents);if(window['gformRedirect']) {gformRedirect();}}jQuery(document).trigger('gform_post_render', [3, current_page]);} );} );<\/script>[vc_empty_space height=&#8221;80px&#8221;][\/vc_column][\/mk_page_section]\n","protected":false},"excerpt":{"rendered":"<p>[mk_page_section bg_image=&#8221;https:\/\/www.schulzautomotiva.com.br\/aftermarket\/wp-content\/uploads\/2021\/04\/fale-conosco.jpg&#8221; attachment=&#8221;fixed&#8221; bg_position=&#8221;center center&#8221; bg_repeat=&#8221;no-repeat&#8221; bg_stretch=&#8221;true&#8221; video_color_mask=&#8221;rgba(0,0,0,0.5)&#8221; video_opacity=&#8221;1&#8243; padding_top=&#8221;100&#8243; padding_bottom=&#8221;0&#8243; el_class=&#8221;fale-conosco texto-branco&#8221; sidebar=&#8221;sidebar-1&#8243;][vc_column css=&#8221;.vc_custom_1556218434390{margin-top: 0px !important;margin-right: 0px !important;margin-bottom: 0px !important;margin-left: 0px !important;padding-top: 0px !important;padding-right: 20px !important;padding-bottom: 0px !important;padding-left: 20px !important;}&#8221; offset=&#8221;vc_col-lg-6 vc_col-md-6&#8243;][vc_empty_space height=&#8221;50px&#8221; el_class=&#8221;divider-40-on-1024 divider-30-on-tiny&#8221;][vc_column_text disable_pattern=&#8221;false&#8221; css=&#8221;.vc_custom_1548159603611{margin-bottom: 0px !important;}&#8221;] Fale conosco [\/vc_column_text][mk_divider style=&#8221;thin_solid&#8221; divider_width=&#8221;custom_width&#8221; custom_width=&#8221;180&#8243; align=&#8221;left&#8221; thin_single_color=&#8221;#ffcb04&#8243; thickness=&#8221;2&#8243; margin_top=&#8221;0&#8243; margin_bottom=&#8221;30&#8243;][vc_raw_html]JTVCYnJlYWRjcnVtYiU1RA==[\/vc_raw_html][vc_column_text disable_pattern=&#8221;false&#8221; css=&#8221;.vc_custom_1619806323248{margin-bottom: 0px !important;}&#8221;]As [&hellip;]<\/p>\n","protected":false},"author":9,"featured_media":0,"parent":0,"menu_order":9,"comment_status":"closed","ping_status":"closed","template":"","meta":{"_mi_skip_tracking":false,"_monsterinsights_sitenote_active":false,"_monsterinsights_sitenote_note":"","_monsterinsights_sitenote_category":0},"_links":{"self":[{"href":"https:\/\/www.schulzautomotiva.com.br\/aftermarket\/wp-json\/wp\/v2\/pages\/4361"}],"collection":[{"href":"https:\/\/www.schulzautomotiva.com.br\/aftermarket\/wp-json\/wp\/v2\/pages"}],"about":[{"href":"https:\/\/www.schulzautomotiva.com.br\/aftermarket\/wp-json\/wp\/v2\/types\/page"}],"author":[{"embeddable":true,"href":"https:\/\/www.schulzautomotiva.com.br\/aftermarket\/wp-json\/wp\/v2\/users\/9"}],"replies":[{"embeddable":true,"href":"https:\/\/www.schulzautomotiva.com.br\/aftermarket\/wp-json\/wp\/v2\/comments?post=4361"}],"version-history":[{"count":5,"href":"https:\/\/www.schulzautomotiva.com.br\/aftermarket\/wp-json\/wp\/v2\/pages\/4361\/revisions"}],"predecessor-version":[{"id":5210,"href":"https:\/\/www.schulzautomotiva.com.br\/aftermarket\/wp-json\/wp\/v2\/pages\/4361\/revisions\/5210"}],"wp:attachment":[{"href":"https:\/\/www.schulzautomotiva.com.br\/aftermarket\/wp-json\/wp\/v2\/media?parent=4361"}],"curies":[{"name":"wp","href":"https:\/\/api.w.org\/{rel}","templated":true}]}}