{"id":5580,"date":"2021-03-29T13:37:47","date_gmt":"2021-03-29T16:37:47","guid":{"rendered":"https:\/\/www.schulzautomotiva.com.br\/aftermarket\/soporte-tecnico\/referencias-completas\/"},"modified":"2021-05-18T12:05:10","modified_gmt":"2021-05-18T15:05:10","slug":"referencias-completas","status":"publish","type":"page","link":"https:\/\/www.schulzautomotiva.com.br\/aftermarket\/es\/soporte-tecnico\/referencias-completas\/","title":{"rendered":"Referencias Completas"},"content":{"rendered":"[mk_page_section bg_image=&#8221;https:\/\/www.schulzautomotiva.com.br\/aftermarket\/wp-content\/uploads\/2021\/04\/schulz_suporte-scaled.jpg&#8221; bg_position=&#8221;center center&#8221; bg_repeat=&#8221;no-repeat&#8221; bg_stretch=&#8221;true&#8221; video_color_mask=&#8221;rgba(0,0,0,0.75)&#8221; video_opacity=&#8221;0.9&#8243; padding_top=&#8221;100&#8243; padding_bottom=&#8221;0&#8243; section_id=&#8221;reconhecimento&#8221; el_class=&#8221;reconhecimentos texto-branco&#8221; sidebar=&#8221;sidebar-1&#8243;][vc_column css=&#8221;.vc_custom_1547575072346{margin-top: 0px !important;margin-right: 0px !important;margin-bottom: 0px !important;margin-left: 0px !important;padding-top: 0px !important;padding-right: 20px !important;padding-bottom: 0px !important;padding-left: 20px !important;}&#8221;][vc_empty_space height=&#8221;50px&#8221;][vc_column_text disable_pattern=&#8221;false&#8221; css=&#8221;.vc_custom_1621349888168{margin-bottom: 0px !important;}&#8221;]\n<h1>Referencias Completas<\/h1>\n[\/vc_column_text][mk_divider style=&#8221;thin_solid&#8221; divider_width=&#8221;custom_width&#8221; custom_width=&#8221;180&#8243; align=&#8221;left&#8221; thin_single_color=&#8221;#ffcb04&#8243; thickness=&#8221;2&#8243; margin_top=&#8221;0&#8243; margin_bottom=&#8221;30&#8243;][vc_raw_html]JTVCYnJlYWRjcnVtYiU1RA==[\/vc_raw_html][vc_column_text disable_pattern=&#8221;false&#8221; el_class=&#8221;no-br-on-small texto-apoio&#8221; css=&#8221;.vc_custom_1621349983489{margin-bottom: 0px !important;}&#8221;]Adem\u00e1s de suministrar piezas con la m\u00e1xima calidad, Schulz tiene un equipo t\u00e9cnico<br \/>\ndedicado a sanar cualquier problema de los clientes. A seguir, ent\u00e9rese de como<br \/>\nsolicitar una garant\u00eda, participar de entrenamientos, conferir nuestros informativos,<br \/>\nver referencias t\u00e9cnicas o ubicar un taller acreditado.[\/vc_column_text][vc_empty_space height=&#8221;40px&#8221;][\/vc_column][\/mk_page_section][mk_page_section bg_color=&#8221;#f0f0f0&#8243; video_opacity=&#8221;1&#8243; padding_top=&#8221;0&#8243; padding_bottom=&#8221;0&#8243; el_class=&#8221;estrutura-de-vendas-conteudo&#8221; sidebar=&#8221;sidebar-1&#8243;][vc_column width=&#8221;1\/2&#8243; css=&#8221;.vc_custom_1616790527583{margin-top: 0px !important;margin-right: 0px !important;margin-bottom: 0px !important;margin-left: 0px !important;padding-top: 40px !important;padding-bottom: 40px !important;}&#8221;][vc_row_inner css=&#8221;.vc_custom_1616766901215{margin-top: 0px !important;margin-right: 0px !important;margin-bottom: 0px !important;margin-left: 0px !important;padding-top: 40px !important;padding-right: 40px !important;padding-bottom: 40px !important;padding-left: 40px !important;background-color: #ffffff !important;}&#8221;][vc_column_inner el_class=&#8221;aftermarket-produto&#8221; css=&#8221;.vc_custom_1616769266840{margin-top: 0px !important;margin-right: 0px !important;margin-bottom: 0px !important;margin-left: 0px !important;padding-top: 0px !important;padding-right: 0px !important;padding-bottom: 0px !important;padding-left: 0px !important;}&#8221;][vc_column_text css=&#8221;.vc_custom_1621349904049{margin-bottom: 0px !important;}&#8221;]Adem\u00e1s de los cat\u00e1logos de productos e informativos t\u00e9cnicos, Schulz es uno de los \u00fanicos proveedores de autopiezas del mundo que proporciona las referencias completas para la identificaci\u00f3n de cada componente. Acceda al sistema a seguir y vea nuestras piezas en fotos reales, dise\u00f1os t\u00e9cnicos y modelos 3D.[\/vc_column_text][vc_separator][mk_button dimension=&#8221;outline&#8221; size=&#8221;medium&#8221; outline_skin=&#8221;custom&#8221; outline_active_color=&#8221;#005087&#8243; outline_active_text_color=&#8221;#005087&#8243; outline_hover_bg_color=&#8221;#005087&#8243; outline_hover_color=&#8221;#ffffff&#8221;]Encuentre referencias completas de productos[\/mk_button][\/vc_column_inner][\/vc_row_inner][\/vc_column][vc_column width=&#8221;1\/2&#8243; css=&#8221;.vc_custom_1617648838516{margin-top: 0px !important;margin-right: 0px !important;margin-bottom: 0px !important;margin-left: 0px !important;padding-top: 30px !important;padding-bottom: 30px !important;}&#8221;][mk_image src=&#8221;https:\/\/www.schulzautomotiva.com.br\/aftermarket\/wp-content\/uploads\/2021\/04\/referencias-completas.jpg&#8221; image_size=&#8221;large&#8221;][\/vc_column][\/mk_page_section][mk_page_section bg_image=&#8221;https:\/\/www.schulzautomotiva.com.br\/aftermarket\/wp-content\/uploads\/2021\/03\/img_9938-scaled.jpg&#8221; bg_color=&#8221;#1a3b69&#8243; video_color_mask=&#8221;#1a3b69&#8243; video_opacity=&#8221;0.9&#8243; padding_top=&#8221;0&#8243; padding_bottom=&#8221;0&#8243; el_class=&#8221;suporte-tecnico-card&#8221; sidebar=&#8221;sidebar-1&#8243;][vc_column][vc_empty_space height=&#8221;50px&#8221;][vc_column_text disable_pattern=&#8221;false&#8221; align=&#8221;center&#8221; el_class=&#8221;texto-branco&#8221; css=&#8221;.vc_custom_1621349949902{margin-bottom: 0px !important;}&#8221;]\n<h3>Vea Tambi\u00e9n<\/h3>\n[\/vc_column_text][mk_divider style=&#8221;thin_solid&#8221; divider_width=&#8221;custom_width&#8221; custom_width=&#8221;180&#8243; thin_single_color=&#8221;#ffcb04&#8243; thickness=&#8221;2&#8243; margin_top=&#8221;0&#8243; margin_bottom=&#8221;30&#8243;][\/vc_column][vc_column][vc_row_inner][vc_column_inner el_class=&#8221;home-compressores&#8221; width=&#8221;1\/3&#8243;][mk_image src=&#8221;https:\/\/www.schulzautomotiva.com.br\/aftermarket\/wp-content\/uploads\/2021\/04\/processo-de-garantia-2.jpg&#8221; image_size=&#8221;full&#8221; link=&#8221;\/es\/soporte-tecnico\/proceso-de-garantia\/&#8221; margin_bottom=&#8221;0&#8243;][vc_raw_html]JTNDYSUyMGhyZWYlM0QlMjIlMkZlcyUyRnNvcG9ydGUtdGVjbmljbyUyRnByb2Nlc28tZGUtZ2FyYW50aWElMkYlMjIlMjBjbGFzcyUzRCUyMmhvbWUtY29tcHJlc3NvcmVzLWxpbmslMjIlM0VQcm9jZXNvJTIwZGUlMjBHYXJhbnQlQzMlQURhJTNDJTJGYSUzRQ==[\/vc_raw_html][vc_empty_space height=&#8221;5px&#8221;][\/vc_column_inner][vc_column_inner el_class=&#8221;home-compressores&#8221; width=&#8221;1\/3&#8243;][mk_image src=&#8221;https:\/\/www.schulzautomotiva.com.br\/aftermarket\/wp-content\/uploads\/2021\/04\/treinamento-2.jpg&#8221; image_size=&#8221;full&#8221; link=&#8221;\/es\/soporte-tecnico\/cursillos-y-conferencias\/&#8221; margin_bottom=&#8221;0&#8243;][vc_raw_html]JTNDYSUyMGhyZWYlM0QlMjIlMkZlcyUyRnNvcG9ydGUtdGVjbmljbyUyRmN1cnNpbGxvcy15LWNvbmZlcmVuY2lhcyUyRiUyMiUyMGNsYXNzJTNEJTIyaG9tZS1jb21wcmVzc29yZXMtbGluayUyMiUzRUN1cnNpbGxvcyUyMHklMjBDb25mZXJlbmNpYXMlM0MlMkZhJTNF[\/vc_raw_html][vc_empty_space height=&#8221;5px&#8221;][\/vc_column_inner][vc_column_inner el_class=&#8221;home-compressores&#8221; width=&#8221;1\/3&#8243;][mk_image src=&#8221;https:\/\/www.schulzautomotiva.com.br\/aftermarket\/wp-content\/uploads\/2021\/04\/informativos.jpg&#8221; image_size=&#8221;full&#8221; link=&#8221;\/es\/soporte-tecnico\/informativos-tecnicos\/&#8221; margin_bottom=&#8221;0&#8243;][vc_raw_html]JTNDYSUyMGhyZWYlM0QlMjIlMkZlcyUyRnNvcG9ydGUtdGVjbmljbyUyRmluZm9ybWF0aXZvcy10ZWNuaWNvcyUyRiUyMiUyMGNsYXNzJTNEJTIyaG9tZS1jb21wcmVzc29yZXMtbGluayUyMiUzRUluZm9ybWF0aXZvcyUyMFQlQzMlQTljbmljb3MlM0MlMkZhJTNF[\/vc_raw_html][vc_empty_space height=&#8221;5px&#8221;][\/vc_column_inner][\/vc_row_inner][vc_row_inner][vc_column_inner el_class=&#8221;home-compressores&#8221; width=&#8221;1\/3&#8243;][mk_image src=&#8221;https:\/\/www.schulzautomotiva.com.br\/aftermarket\/wp-content\/uploads\/2021\/04\/referencias-completas.jpg&#8221; image_size=&#8221;full&#8221; link=&#8221;\/es\/soporte-tecnico\/referencias-completas\/&#8221; margin_bottom=&#8221;0&#8243;][vc_raw_html]JTNDYSUyMGhyZWYlM0QlMjIlMkZlcyUyRnNvcG9ydGUtdGVjbmljbyUyRnJlZmVyZW5jaWFzLWNvbXBsZXRhcyUyRiUyMiUyMGNsYXNzJTNEJTIyaG9tZS1jb21wcmVzc29yZXMtbGluayUyMiUzRVJlZmVyZW5jaWFzJTIwQ29tcGxldGFzJTNDJTJGYSUzRQ==[\/vc_raw_html][vc_empty_space height=&#8221;5px&#8221;][\/vc_column_inner][vc_column_inner el_class=&#8221;home-compressores&#8221; width=&#8221;1\/3&#8243;][mk_image src=&#8221;https:\/\/www.schulzautomotiva.com.br\/aftermarket\/wp-content\/uploads\/2021\/04\/oficina-credenciada.jpg&#8221; image_size=&#8221;full&#8221; link=&#8221;\/es\/soporte-tecnico\/talleres-acreditados\/&#8221; margin_bottom=&#8221;0&#8243;][vc_raw_html]JTNDYSUyMGhyZWYlM0QlMjIlMkZlcyUyRnNvcG9ydGUtdGVjbmljbyUyRnRhbGxlcmVzLWFjcmVkaXRhZG9zJTJGJTIyJTIwY2xhc3MlM0QlMjJob21lLWNvbXByZXNzb3Jlcy1saW5rJTIyJTNFVGFsbGVyZXMlMjBBY3JlZGl0YWRvcyUzQyUyRmElM0U=[\/vc_raw_html][vc_empty_space height=&#8221;5px&#8221;][\/vc_column_inner][vc_column_inner width=&#8221;1\/3&#8243;][\/vc_column_inner][\/vc_row_inner][vc_row_inner][vc_column_inner][vc_empty_space height=&#8221;20px&#8221;][\/vc_column_inner][\/vc_row_inner][\/vc_column][\/mk_page_section]\n","protected":false},"excerpt":{"rendered":"<p>[mk_page_section bg_image=&#8221;https:\/\/www.schulzautomotiva.com.br\/aftermarket\/wp-content\/uploads\/2021\/04\/schulz_suporte-scaled.jpg&#8221; bg_position=&#8221;center center&#8221; bg_repeat=&#8221;no-repeat&#8221; bg_stretch=&#8221;true&#8221; video_color_mask=&#8221;rgba(0,0,0,0.75)&#8221; video_opacity=&#8221;0.9&#8243; padding_top=&#8221;100&#8243; padding_bottom=&#8221;0&#8243; section_id=&#8221;reconhecimento&#8221; el_class=&#8221;reconhecimentos texto-branco&#8221; sidebar=&#8221;sidebar-1&#8243;][vc_column css=&#8221;.vc_custom_1547575072346{margin-top: 0px !important;margin-right: 0px !important;margin-bottom: 0px !important;margin-left: 0px !important;padding-top: 0px !important;padding-right: 20px !important;padding-bottom: 0px !important;padding-left: 20px !important;}&#8221;][vc_empty_space height=&#8221;50px&#8221;][vc_column_text disable_pattern=&#8221;false&#8221; css=&#8221;.vc_custom_1621349888168{margin-bottom: 0px !important;}&#8221;] Referencias Completas [\/vc_column_text][mk_divider style=&#8221;thin_solid&#8221; divider_width=&#8221;custom_width&#8221; custom_width=&#8221;180&#8243; align=&#8221;left&#8221; thin_single_color=&#8221;#ffcb04&#8243; thickness=&#8221;2&#8243; margin_top=&#8221;0&#8243; margin_bottom=&#8221;30&#8243;][vc_raw_html]JTVCYnJlYWRjcnVtYiU1RA==[\/vc_raw_html][vc_column_text disable_pattern=&#8221;false&#8221; el_class=&#8221;no-br-on-small texto-apoio&#8221; css=&#8221;.vc_custom_1621349983489{margin-bottom: 0px !important;}&#8221;]Adem\u00e1s de suministrar [&hellip;]<\/p>\n","protected":false},"author":9,"featured_media":0,"parent":5527,"menu_order":2,"comment_status":"closed","ping_status":"closed","template":"","meta":{"_mi_skip_tracking":false,"_monsterinsights_sitenote_active":false,"_monsterinsights_sitenote_note":"","_monsterinsights_sitenote_category":0},"_links":{"self":[{"href":"https:\/\/www.schulzautomotiva.com.br\/aftermarket\/es\/wp-json\/wp\/v2\/pages\/5580"}],"collection":[{"href":"https:\/\/www.schulzautomotiva.com.br\/aftermarket\/es\/wp-json\/wp\/v2\/pages"}],"about":[{"href":"https:\/\/www.schulzautomotiva.com.br\/aftermarket\/es\/wp-json\/wp\/v2\/types\/page"}],"author":[{"embeddable":true,"href":"https:\/\/www.schulzautomotiva.com.br\/aftermarket\/es\/wp-json\/wp\/v2\/users\/9"}],"replies":[{"embeddable":true,"href":"https:\/\/www.schulzautomotiva.com.br\/aftermarket\/es\/wp-json\/wp\/v2\/comments?post=5580"}],"version-history":[{"count":3,"href":"https:\/\/www.schulzautomotiva.com.br\/aftermarket\/es\/wp-json\/wp\/v2\/pages\/5580\/revisions"}],"predecessor-version":[{"id":5583,"href":"https:\/\/www.schulzautomotiva.com.br\/aftermarket\/es\/wp-json\/wp\/v2\/pages\/5580\/revisions\/5583"}],"up":[{"embeddable":true,"href":"https:\/\/www.schulzautomotiva.com.br\/aftermarket\/es\/wp-json\/wp\/v2\/pages\/5527"}],"wp:attachment":[{"href":"https:\/\/www.schulzautomotiva.com.br\/aftermarket\/es\/wp-json\/wp\/v2\/media?parent=5580"}],"curies":[{"name":"wp","href":"https:\/\/api.w.org\/{rel}","templated":true}]}}