{"id":5535,"date":"2021-03-29T11:55:26","date_gmt":"2021-03-29T14:55:26","guid":{"rendered":"https:\/\/www.schulzautomotiva.com.br\/aftermarket\/soporte-tecnico\/cursos-e-palestras\/"},"modified":"2021-06-01T09:14:24","modified_gmt":"2021-06-01T12:14:24","slug":"cursillos-y-conferencias","status":"publish","type":"page","link":"https:\/\/www.schulzautomotiva.com.br\/aftermarket\/es\/soporte-tecnico\/cursillos-y-conferencias\/","title":{"rendered":"Cursillos y Conferencias"},"content":{"rendered":"[mk_page_section bg_image=&#8221;https:\/\/www.schulzautomotiva.com.br\/aftermarket\/wp-content\/uploads\/2021\/04\/schulz_suporte-scaled.jpg&#8221; bg_position=&#8221;center center&#8221; bg_repeat=&#8221;no-repeat&#8221; bg_stretch=&#8221;true&#8221; video_color_mask=&#8221;rgba(0,0,0,0.75)&#8221; video_opacity=&#8221;0.9&#8243; padding_top=&#8221;100&#8243; padding_bottom=&#8221;0&#8243; section_id=&#8221;reconhecimento&#8221; el_class=&#8221;reconhecimentos texto-branco&#8221; sidebar=&#8221;sidebar-1&#8243;][vc_column css=&#8221;.vc_custom_1547575072346{margin-top: 0px !important;margin-right: 0px !important;margin-bottom: 0px !important;margin-left: 0px !important;padding-top: 0px !important;padding-right: 20px !important;padding-bottom: 0px !important;padding-left: 20px !important;}&#8221;][vc_empty_space height=&#8221;50px&#8221;][vc_column_text disable_pattern=&#8221;false&#8221; css=&#8221;.vc_custom_1621346650568{margin-bottom: 0px !important;}&#8221;]\n<h1>Cursillos y Conferencias<\/h1>\n[\/vc_column_text][mk_divider style=&#8221;thin_solid&#8221; divider_width=&#8221;custom_width&#8221; custom_width=&#8221;180&#8243; align=&#8221;left&#8221; thin_single_color=&#8221;#ffcb04&#8243; thickness=&#8221;2&#8243; margin_top=&#8221;0&#8243; margin_bottom=&#8221;30&#8243;][vc_raw_html]JTVCYnJlYWRjcnVtYiU1RA==[\/vc_raw_html][vc_column_text disable_pattern=&#8221;false&#8221; el_class=&#8221;no-br-on-small texto-apoio&#8221; css=&#8221;.vc_custom_1621346723543{margin-bottom: 0px !important;}&#8221;]Adem\u00e1s de suministrar piezas con la m\u00e1xima calidad, Schulz tiene un equipo t\u00e9cnico<br \/>\ndedicado a sanar cualquier problema de los clientes. A seguir, ent\u00e9rese de como<br \/>\nsolicitar una garant\u00eda, participar de entrenamientos, conferir nuestros informativos,<br \/>\nver referencias t\u00e9cnicas o ubicar un taller acreditado.[\/vc_column_text][vc_empty_space height=&#8221;40px&#8221;][\/vc_column][\/mk_page_section][mk_page_section bg_color=&#8221;#f0f0f0&#8243; video_opacity=&#8221;1&#8243; padding_top=&#8221;0&#8243; padding_bottom=&#8221;0&#8243; el_class=&#8221;estrutura-de-vendas-conteudo&#8221; sidebar=&#8221;sidebar-1&#8243;][vc_column width=&#8221;1\/2&#8243; css=&#8221;.vc_custom_1616790527583{margin-top: 0px !important;margin-right: 0px !important;margin-bottom: 0px !important;margin-left: 0px !important;padding-top: 40px !important;padding-bottom: 40px !important;}&#8221;][vc_row_inner css=&#8221;.vc_custom_1616766901215{margin-top: 0px !important;margin-right: 0px !important;margin-bottom: 0px !important;margin-left: 0px !important;padding-top: 40px !important;padding-right: 40px !important;padding-bottom: 40px !important;padding-left: 40px !important;background-color: #ffffff !important;}&#8221;][vc_column_inner el_class=&#8221;aftermarket-produto&#8221; css=&#8221;.vc_custom_1616769266840{margin-top: 0px !important;margin-right: 0px !important;margin-bottom: 0px !important;margin-left: 0px !important;padding-top: 0px !important;padding-right: 0px !important;padding-bottom: 0px !important;padding-left: 0px !important;}&#8221;][vc_column_text css=&#8221;.vc_custom_1621346679220{margin-bottom: 0px !important;}&#8221;]Los equipos de Schulz visitan todos los estados brasile\u00f1os realizando cursillos y conferencias. Para participar de los entrenamientos, converse con los consultores o contacte al representante comercial que atiende su regi\u00f3n. Participe de nuestras actividades y ampl\u00ede sus conocimientos t\u00e9cnicos y comerciales. [\/vc_column_text][\/vc_column_inner][\/vc_row_inner][\/vc_column][vc_column width=&#8221;1\/2&#8243; css=&#8221;.vc_custom_1617648553892{margin-top: 0px !important;margin-right: 0px !important;margin-bottom: 0px !important;margin-left: 0px !important;padding-top: 30px !important;padding-bottom: 30px !important;}&#8221;][mk_image src=&#8221;https:\/\/www.schulzautomotiva.com.br\/aftermarket\/wp-content\/uploads\/2021\/04\/treinamento-2.jpg&#8221; image_size=&#8221;large&#8221;][\/vc_column][\/mk_page_section][mk_page_section bg_image=&#8221;https:\/\/www.schulzautomotiva.com.br\/aftermarket\/wp-content\/uploads\/2021\/03\/img_9938-scaled.jpg&#8221; bg_color=&#8221;#1a3b69&#8243; video_color_mask=&#8221;#1a3b69&#8243; video_opacity=&#8221;0.9&#8243; padding_top=&#8221;0&#8243; padding_bottom=&#8221;0&#8243; el_class=&#8221;suporte-tecnico-card&#8221; sidebar=&#8221;sidebar-1&#8243;][vc_column][vc_empty_space height=&#8221;50px&#8221;][vc_column_text disable_pattern=&#8221;false&#8221; align=&#8221;center&#8221; el_class=&#8221;texto-branco&#8221; css=&#8221;.vc_custom_1621346763818{margin-bottom: 0px !important;}&#8221;]\n<h3>Vea tambi\u00e9n<\/h3>\n[\/vc_column_text][mk_divider style=&#8221;thin_solid&#8221; divider_width=&#8221;custom_width&#8221; custom_width=&#8221;180&#8243; thin_single_color=&#8221;#ffcb04&#8243; thickness=&#8221;2&#8243; margin_top=&#8221;0&#8243; margin_bottom=&#8221;30&#8243;][\/vc_column][vc_column][vc_row_inner][vc_column_inner el_class=&#8221;home-compressores&#8221; width=&#8221;1\/3&#8243;][mk_image src=&#8221;https:\/\/www.schulzautomotiva.com.br\/aftermarket\/wp-content\/uploads\/2021\/04\/processo-de-garantia-2.jpg&#8221; image_size=&#8221;full&#8221; link=&#8221;https:\/\/www.schulzautomotiva.com.br\/aftermarket\/es\/soporte-tecnico\/proceso-de-garantia\/&#8221; margin_bottom=&#8221;0&#8243;][vc_raw_html]JTNDYSUyMGhyZWYlM0QlMjJodHRwcyUzQSUyRiUyRnd3dy5zY2h1bHphdXRvbW90aXZhLmNvbS5iciUyRmFmdGVybWFya2V0JTJGZXMlMkZzb3BvcnRlLXRlY25pY28lMkZwcm9jZXNvLWRlLWdhcmFudGlhJTJGJTIyJTIwY2xhc3MlM0QlMjJob21lLWNvbXByZXNzb3Jlcy1saW5rJTIyJTNFUHJvY2VzbyUyMGRlJTIwR2FyYW50JUMzJUFEYSUzQyUyRmElM0U=[\/vc_raw_html][vc_empty_space height=&#8221;5px&#8221;][\/vc_column_inner][vc_column_inner el_class=&#8221;home-compressores&#8221; width=&#8221;1\/3&#8243;][mk_image src=&#8221;https:\/\/www.schulzautomotiva.com.br\/aftermarket\/wp-content\/uploads\/2021\/04\/treinamento-2.jpg&#8221; image_size=&#8221;full&#8221; link=&#8221;https:\/\/www.schulzautomotiva.com.br\/aftermarket\/es\/soporte-tecnico\/cursillos-y-conferencias\/&#8221; margin_bottom=&#8221;0&#8243;][vc_raw_html]JTNDYSUyMGhyZWYlM0QlMjJodHRwcyUzQSUyRiUyRnd3dy5zY2h1bHphdXRvbW90aXZhLmNvbS5iciUyRmFmdGVybWFya2V0JTJGZXMlMkZzb3BvcnRlLXRlY25pY28lMkZjdXJzaWxsb3MteS1jb25mZXJlbmNpYXMlMkYlMjIlMjBjbGFzcyUzRCUyMmhvbWUtY29tcHJlc3NvcmVzLWxpbmslMjIlM0VDdXJzaWxsb3MlMjB5JTIwQ29uZmVyZW5jaWFzJTNDJTJGYSUzRQ==[\/vc_raw_html][vc_empty_space height=&#8221;5px&#8221;][\/vc_column_inner][vc_column_inner el_class=&#8221;home-compressores&#8221; width=&#8221;1\/3&#8243;][mk_image src=&#8221;https:\/\/www.schulzautomotiva.com.br\/aftermarket\/wp-content\/uploads\/2021\/04\/informativos.jpg&#8221; image_size=&#8221;full&#8221; link=&#8221;https:\/\/www.schulzautomotiva.com.br\/aftermarket\/es\/soporte-tecnico\/informativos-tecnicos\/&#8221; margin_bottom=&#8221;0&#8243;][vc_raw_html]JTNDYSUyMGhyZWYlM0QlMjJodHRwcyUzQSUyRiUyRnd3dy5zY2h1bHphdXRvbW90aXZhLmNvbS5iciUyRmFmdGVybWFya2V0JTJGZXMlMkZzb3BvcnRlLXRlY25pY28lMkZpbmZvcm1hdGl2b3MtdGVjbmljb3MlMkYlMjIlMjBjbGFzcyUzRCUyMmhvbWUtY29tcHJlc3NvcmVzLWxpbmslMjIlM0VJbmZvcm1hdGl2b3MlMjBUJUMzJUE5Y25pY29zJTNDJTJGYSUzRQ==[\/vc_raw_html][vc_empty_space height=&#8221;5px&#8221;][\/vc_column_inner][\/vc_row_inner][vc_row_inner][vc_column_inner][vc_empty_space height=&#8221;20px&#8221;][\/vc_column_inner][\/vc_row_inner][\/vc_column][\/mk_page_section]\n","protected":false},"excerpt":{"rendered":"<p>[mk_page_section bg_image=&#8221;https:\/\/www.schulzautomotiva.com.br\/aftermarket\/wp-content\/uploads\/2021\/04\/schulz_suporte-scaled.jpg&#8221; bg_position=&#8221;center center&#8221; bg_repeat=&#8221;no-repeat&#8221; bg_stretch=&#8221;true&#8221; video_color_mask=&#8221;rgba(0,0,0,0.75)&#8221; video_opacity=&#8221;0.9&#8243; padding_top=&#8221;100&#8243; padding_bottom=&#8221;0&#8243; section_id=&#8221;reconhecimento&#8221; el_class=&#8221;reconhecimentos texto-branco&#8221; sidebar=&#8221;sidebar-1&#8243;][vc_column css=&#8221;.vc_custom_1547575072346{margin-top: 0px !important;margin-right: 0px !important;margin-bottom: 0px !important;margin-left: 0px !important;padding-top: 0px !important;padding-right: 20px !important;padding-bottom: 0px !important;padding-left: 20px !important;}&#8221;][vc_empty_space height=&#8221;50px&#8221;][vc_column_text disable_pattern=&#8221;false&#8221; css=&#8221;.vc_custom_1621346650568{margin-bottom: 0px !important;}&#8221;] Cursillos y Conferencias [\/vc_column_text][mk_divider style=&#8221;thin_solid&#8221; divider_width=&#8221;custom_width&#8221; custom_width=&#8221;180&#8243; align=&#8221;left&#8221; thin_single_color=&#8221;#ffcb04&#8243; thickness=&#8221;2&#8243; margin_top=&#8221;0&#8243; margin_bottom=&#8221;30&#8243;][vc_raw_html]JTVCYnJlYWRjcnVtYiU1RA==[\/vc_raw_html][vc_column_text disable_pattern=&#8221;false&#8221; el_class=&#8221;no-br-on-small texto-apoio&#8221; css=&#8221;.vc_custom_1621346723543{margin-bottom: 0px !important;}&#8221;]Adem\u00e1s de [&hellip;]<\/p>\n","protected":false},"author":9,"featured_media":0,"parent":5527,"menu_order":2,"comment_status":"closed","ping_status":"closed","template":"","meta":{"_mi_skip_tracking":false,"_monsterinsights_sitenote_active":false,"_monsterinsights_sitenote_note":"","_monsterinsights_sitenote_category":0},"_links":{"self":[{"href":"https:\/\/www.schulzautomotiva.com.br\/aftermarket\/es\/wp-json\/wp\/v2\/pages\/5535"}],"collection":[{"href":"https:\/\/www.schulzautomotiva.com.br\/aftermarket\/es\/wp-json\/wp\/v2\/pages"}],"about":[{"href":"https:\/\/www.schulzautomotiva.com.br\/aftermarket\/es\/wp-json\/wp\/v2\/types\/page"}],"author":[{"embeddable":true,"href":"https:\/\/www.schulzautomotiva.com.br\/aftermarket\/es\/wp-json\/wp\/v2\/users\/9"}],"replies":[{"embeddable":true,"href":"https:\/\/www.schulzautomotiva.com.br\/aftermarket\/es\/wp-json\/wp\/v2\/comments?post=5535"}],"version-history":[{"count":6,"href":"https:\/\/www.schulzautomotiva.com.br\/aftermarket\/es\/wp-json\/wp\/v2\/pages\/5535\/revisions"}],"predecessor-version":[{"id":5821,"href":"https:\/\/www.schulzautomotiva.com.br\/aftermarket\/es\/wp-json\/wp\/v2\/pages\/5535\/revisions\/5821"}],"up":[{"embeddable":true,"href":"https:\/\/www.schulzautomotiva.com.br\/aftermarket\/es\/wp-json\/wp\/v2\/pages\/5527"}],"wp:attachment":[{"href":"https:\/\/www.schulzautomotiva.com.br\/aftermarket\/es\/wp-json\/wp\/v2\/media?parent=5535"}],"curies":[{"name":"wp","href":"https:\/\/api.w.org\/{rel}","templated":true}]}}