{"id":5515,"date":"2021-04-29T13:43:22","date_gmt":"2021-04-29T16:43:22","guid":{"rendered":"https:\/\/www.schulzautomotiva.com.br\/aftermarket\/estructura-de-ventas\/representantes\/localizar-representante\/"},"modified":"2021-05-18T10:28:32","modified_gmt":"2021-05-18T13:28:32","slug":"encontrar-representante","status":"publish","type":"page","link":"https:\/\/www.schulzautomotiva.com.br\/aftermarket\/es\/estructura-de-ventas\/representantes\/encontrar-representante\/","title":{"rendered":"Encontrar Representante"},"content":{"rendered":"[mk_page_section bg_image=&#8221;https:\/\/www.schulzautomotiva.com.br\/aftermarket\/wp-content\/uploads\/2021\/03\/schulz-aerea.jpg&#8221; bg_position=&#8221;center center&#8221; bg_repeat=&#8221;no-repeat&#8221; bg_stretch=&#8221;true&#8221; video_color_mask=&#8221;rgba(0,0,0,0.75)&#8221; video_opacity=&#8221;0.9&#8243; padding_top=&#8221;100&#8243; padding_bottom=&#8221;0&#8243; section_id=&#8221;reconhecimento&#8221; el_class=&#8221;reconhecimentos texto-branco&#8221; sidebar=&#8221;sidebar-1&#8243;][vc_column css=&#8221;.vc_custom_1547575072346{margin-top: 0px !important;margin-right: 0px !important;margin-bottom: 0px !important;margin-left: 0px !important;padding-top: 0px !important;padding-right: 20px !important;padding-bottom: 0px !important;padding-left: 20px !important;}&#8221;][vc_empty_space height=&#8221;50px&#8221;][vc_column_text disable_pattern=&#8221;false&#8221; css=&#8221;.vc_custom_1616786323542{margin-bottom: 0px !important;}&#8221;]\n<h1>Representantes<\/h1>\n[\/vc_column_text][mk_divider style=&#8221;thin_solid&#8221; divider_width=&#8221;custom_width&#8221; custom_width=&#8221;180&#8243; align=&#8221;left&#8221; thin_single_color=&#8221;#ffcb04&#8243; thickness=&#8221;2&#8243; margin_top=&#8221;0&#8243; margin_bottom=&#8221;30&#8243;][vc_raw_html]JTVCYnJlYWRjcnVtYiU1RA==[\/vc_raw_html][vc_column_text disable_pattern=&#8221;false&#8221; el_class=&#8221;no-br-on-small texto-apoio&#8221; css=&#8221;.vc_custom_1621344507411{margin-bottom: 0px !important;}&#8221;]Schulz ha selecciona a los mejores representantes de la reposici\u00f3n automotiva para<br \/>\ngarantizarles a sus clientes una atenci\u00f3n inmediata y diferenciada en todos los estados<br \/>\nbrasile\u00f1os y pa\u00edses de Am\u00e9rica del Sur. Contacte al equipo responsable por el soporte<br \/>\ncomercial en su regi\u00f3n usando nuestro localizador.[\/vc_column_text][vc_empty_space height=&#8221;40px&#8221;][\/vc_column][\/mk_page_section][mk_page_section bg_color=&#8221;#f0f0f0&#8243; border_color=&#8221;#ffffff&#8221; video_opacity=&#8221;1&#8243; padding_top=&#8221;0&#8243; padding_bottom=&#8221;0&#8243; section_id=&#8221;block-localizar-representante&#8221; sidebar=&#8221;sidebar-1&#8243;][vc_column css=&#8221;.vc_custom_1617647927184{margin-top: 0px !important;margin-right: 0px !important;margin-bottom: 0px !important;margin-left: 0px !important;padding-top: 30px !important;padding-bottom: 30px !important;}&#8221;][mk_padding_divider size=&#8221;60&#8243;][vc_raw_html]JTVCeW9naC1hZ2VudHMlMjB0aXRsZSUzRCUyMkVuY29udHJlJTIwbyUyMHJlcHJlc2VudGFudGUlMjBtYWlzJTIwcHIlQzMlQjN4aW1vJTIyJTIwZGVzY3JpcHRpb24lM0QlMjJTZWxlY2lvbmUlMjBzZXUlMjBFc3RhZG8lMjBhYmFpeG8lMjBvdSUyMGNsaXF1ZSUyMG5vJTIwbWFwYSUyMHBhcmElMjBlbmNvbnRyYXIlMEFvJTIwcmVwcmVzZW50YW50ZSUyMG1haXMlMjBwciVDMyVCM3hpbW8lMjBkZSUyMHZvYyVDMyVBQSUyMSUyMiUyMGRlc2NyaXB0aW9uX21vYmlsZSUzRCUyMlNlbGVjaW9uZSUyMHNldSUyMEVzdGFkbyUyMGFiYWl4byUyMHBhcmElMjBlbmNvbnRyYXIlMjBvJTIwcmVwcmVzZW50YW50ZSUyMG1haXMlMjBwciVDMyVCM3hpbW8lMjBkZSUyMHZvYyVDMyVBQSUyMSUyMiUyMGRlc2NyaXB0aW9uX3N0YXRlJTNEJTIyUmVwcmVzZW50YW50ZXMlMjBubyUyMEVzdGFkbyUyMGRlJTIyJTVE[\/vc_raw_html][mk_padding_divider size=&#8221;60&#8243;][\/vc_column][\/mk_page_section]\n","protected":false},"excerpt":{"rendered":"<p>[mk_page_section bg_image=&#8221;https:\/\/www.schulzautomotiva.com.br\/aftermarket\/wp-content\/uploads\/2021\/03\/schulz-aerea.jpg&#8221; bg_position=&#8221;center center&#8221; bg_repeat=&#8221;no-repeat&#8221; bg_stretch=&#8221;true&#8221; video_color_mask=&#8221;rgba(0,0,0,0.75)&#8221; video_opacity=&#8221;0.9&#8243; padding_top=&#8221;100&#8243; padding_bottom=&#8221;0&#8243; section_id=&#8221;reconhecimento&#8221; el_class=&#8221;reconhecimentos texto-branco&#8221; sidebar=&#8221;sidebar-1&#8243;][vc_column css=&#8221;.vc_custom_1547575072346{margin-top: 0px !important;margin-right: 0px !important;margin-bottom: 0px !important;margin-left: 0px !important;padding-top: 0px !important;padding-right: 20px !important;padding-bottom: 0px !important;padding-left: 20px !important;}&#8221;][vc_empty_space height=&#8221;50px&#8221;][vc_column_text disable_pattern=&#8221;false&#8221; css=&#8221;.vc_custom_1616786323542{margin-bottom: 0px !important;}&#8221;] Representantes [\/vc_column_text][mk_divider style=&#8221;thin_solid&#8221; divider_width=&#8221;custom_width&#8221; custom_width=&#8221;180&#8243; align=&#8221;left&#8221; thin_single_color=&#8221;#ffcb04&#8243; thickness=&#8221;2&#8243; margin_top=&#8221;0&#8243; margin_bottom=&#8221;30&#8243;][vc_raw_html]JTVCYnJlYWRjcnVtYiU1RA==[\/vc_raw_html][vc_column_text disable_pattern=&#8221;false&#8221; el_class=&#8221;no-br-on-small texto-apoio&#8221; css=&#8221;.vc_custom_1621344507411{margin-bottom: 0px !important;}&#8221;]Schulz ha selecciona a [&hellip;]<\/p>\n","protected":false},"author":9,"featured_media":0,"parent":5509,"menu_order":2,"comment_status":"closed","ping_status":"closed","template":"representantes.php","meta":{"_mi_skip_tracking":false,"_monsterinsights_sitenote_active":false,"_monsterinsights_sitenote_note":"","_monsterinsights_sitenote_category":0},"_links":{"self":[{"href":"https:\/\/www.schulzautomotiva.com.br\/aftermarket\/es\/wp-json\/wp\/v2\/pages\/5515"}],"collection":[{"href":"https:\/\/www.schulzautomotiva.com.br\/aftermarket\/es\/wp-json\/wp\/v2\/pages"}],"about":[{"href":"https:\/\/www.schulzautomotiva.com.br\/aftermarket\/es\/wp-json\/wp\/v2\/types\/page"}],"author":[{"embeddable":true,"href":"https:\/\/www.schulzautomotiva.com.br\/aftermarket\/es\/wp-json\/wp\/v2\/users\/9"}],"replies":[{"embeddable":true,"href":"https:\/\/www.schulzautomotiva.com.br\/aftermarket\/es\/wp-json\/wp\/v2\/comments?post=5515"}],"version-history":[{"count":2,"href":"https:\/\/www.schulzautomotiva.com.br\/aftermarket\/es\/wp-json\/wp\/v2\/pages\/5515\/revisions"}],"predecessor-version":[{"id":5520,"href":"https:\/\/www.schulzautomotiva.com.br\/aftermarket\/es\/wp-json\/wp\/v2\/pages\/5515\/revisions\/5520"}],"up":[{"embeddable":true,"href":"https:\/\/www.schulzautomotiva.com.br\/aftermarket\/es\/wp-json\/wp\/v2\/pages\/5509"}],"wp:attachment":[{"href":"https:\/\/www.schulzautomotiva.com.br\/aftermarket\/es\/wp-json\/wp\/v2\/media?parent=5515"}],"curies":[{"name":"wp","href":"https:\/\/api.w.org\/{rel}","templated":true}]}}