{"id":5488,"date":"2021-03-26T15:30:18","date_gmt":"2021-03-26T18:30:18","guid":{"rendered":"https:\/\/www.schulzautomotiva.com.br\/aftermarket\/estrutura-de-vendas\/"},"modified":"2021-05-31T15:49:23","modified_gmt":"2021-05-31T18:49:23","slug":"estructura-de-ventas","status":"publish","type":"page","link":"https:\/\/www.schulzautomotiva.com.br\/aftermarket\/es\/estructura-de-ventas\/","title":{"rendered":"Estructura de ventas"},"content":{"rendered":"[mk_page_section bg_image=&#8221;https:\/\/www.schulzautomotiva.com.br\/aftermarket\/wp-content\/uploads\/2021\/04\/fundo_pagina_estruturadevendas.jpg&#8221; bg_position=&#8221;center center&#8221; bg_repeat=&#8221;no-repeat&#8221; bg_stretch=&#8221;true&#8221; video_color_mask=&#8221;rgba(0,0,0,0.75)&#8221; video_opacity=&#8221;0.9&#8243; padding_top=&#8221;100&#8243; padding_bottom=&#8221;0&#8243; section_id=&#8221;reconhecimento&#8221; el_class=&#8221;reconhecimentos texto-branco&#8221; sidebar=&#8221;sidebar-1&#8243;][vc_column css=&#8221;.vc_custom_1547575072346{margin-top: 0px !important;margin-right: 0px !important;margin-bottom: 0px !important;margin-left: 0px !important;padding-top: 0px !important;padding-right: 20px !important;padding-bottom: 0px !important;padding-left: 20px !important;}&#8221;][vc_empty_space height=&#8221;50px&#8221;][vc_column_text disable_pattern=&#8221;false&#8221; css=&#8221;.vc_custom_1621341721924{margin-bottom: 0px !important;}&#8221;]\n<h1>Estructura de ventas<\/h1>\n[\/vc_column_text][mk_divider style=&#8221;thin_solid&#8221; divider_width=&#8221;custom_width&#8221; custom_width=&#8221;180&#8243; align=&#8221;left&#8221; thin_single_color=&#8221;#ffcb04&#8243; thickness=&#8221;2&#8243; margin_top=&#8221;0&#8243; margin_bottom=&#8221;30&#8243;][vc_raw_html]JTVCYnJlYWRjcnVtYiU1RA==[\/vc_raw_html][vc_column_text disable_pattern=&#8221;false&#8221; el_class=&#8221;no-br-on-small texto-apoio&#8221; css=&#8221;.vc_custom_1621342179435{margin-bottom: 0px !important;}&#8221;]Schulz tiene una completa estructura de ventas, marketing y log\u00edstica para<br \/>\natender a cada cliente de una forma personalizada y con el dinamismo que la<br \/>\nreposici\u00f3n automotiva exige. Nuestros representantes y equipos de consultores<br \/>\nest\u00e1n presentes en todos los estados brasile\u00f1os y pa\u00edses de Am\u00e9rica del Sur.<\/p>\n<p>Ent\u00e9rese m\u00e1s sobre nuestros canales de atenci\u00f3n:[\/vc_column_text][vc_empty_space height=&#8221;40px&#8221;][\/vc_column][\/mk_page_section][vc_row][vc_column][vc_empty_space height=&#8221;60px&#8221;][\/vc_column][\/vc_row][vc_row el_class=&#8221;produto-coluna&#8221;][vc_column width=&#8221;1\/3&#8243;][vc_row_inner el_class=&#8221;home-compressores&#8221;][vc_column_inner][mk_image src=&#8221;https:\/\/www.schulzautomotiva.com.br\/aftermarket\/wp-content\/uploads\/2021\/04\/representantes-aftermaket-1.jpg&#8221; image_size=&#8221;full&#8221; link=&#8221;https:\/\/www.schulzautomotiva.com.br\/aftermarket\/es\/estructura-de-ventas\/representantes\/&#8221; margin_bottom=&#8221;0&#8243;][vc_raw_html]JTNDYSUyMGhyZWYlM0QlMjJodHRwcyUzQSUyRiUyRnd3dy5zY2h1bHphdXRvbW90aXZhLmNvbS5iciUyRmFmdGVybWFya2V0JTJGZXMlMkZlc3RydWN0dXJhLWRlLXZlbnRhcyUyRnJlcHJlc2VudGFudGVzJTJGJTIyJTIwY2xhc3MlM0QlMjJob21lLWNvbXByZXNzb3Jlcy1saW5rJTIyJTNFUmVwcmVzZW50YW50ZXMlM0MlMkZhJTNF[\/vc_raw_html][vc_empty_space height=&#8221;5px&#8221;][\/vc_column_inner][\/vc_row_inner][\/vc_column][vc_column width=&#8221;1\/3&#8243;][vc_row_inner el_class=&#8221;home-compressores&#8221;][vc_column_inner][mk_image src=&#8221;https:\/\/www.schulzautomotiva.com.br\/aftermarket\/wp-content\/uploads\/2021\/04\/marketing-1.jpg&#8221; image_size=&#8221;full&#8221; link=&#8221;https:\/\/www.schulzautomotiva.com.br\/aftermarket\/es\/estructura-de-ventas\/marketing\/&#8221; margin_bottom=&#8221;0&#8243;][vc_raw_html]JTNDYSUyMGhyZWYlM0QlMjJodHRwcyUzQSUyRiUyRnd3dy5zY2h1bHphdXRvbW90aXZhLmNvbS5iciUyRmFmdGVybWFya2V0JTJGZXMlMkZlc3RydWN0dXJhLWRlLXZlbnRhcyUyRm1hcmtldGluZyUyRiUyMiUyMGNsYXNzJTNEJTIyaG9tZS1jb21wcmVzc29yZXMtbGluayUyMiUzRU1hcmtldGluZyUzQyUyRmElM0U=[\/vc_raw_html][vc_empty_space height=&#8221;5px&#8221;][\/vc_column_inner][\/vc_row_inner][\/vc_column][vc_column width=&#8221;1\/3&#8243;][vc_row_inner el_class=&#8221;home-compressores&#8221;][vc_column_inner][mk_image src=&#8221;https:\/\/www.schulzautomotiva.com.br\/aftermarket\/wp-content\/uploads\/2021\/04\/logistica.jpg&#8221; image_size=&#8221;full&#8221; link=&#8221;https:\/\/www.schulzautomotiva.com.br\/aftermarket\/es\/estructura-de-ventas\/logistica\/&#8221; margin_bottom=&#8221;0&#8243;][vc_raw_html]JTNDYSUyMGhyZWYlM0QlMjJodHRwcyUzQSUyRiUyRnd3dy5zY2h1bHphdXRvbW90aXZhLmNvbS5iciUyRmFmdGVybWFya2V0JTJGZXMlMkZlc3RydWN0dXJhLWRlLXZlbnRhcyUyRmxvZ2lzdGljYSUyRiUyMiUyMGNsYXNzJTNEJTIyaG9tZS1jb21wcmVzc29yZXMtbGluayUyMiUzRUxvZyVDMyVBRHN0aWNhJTNDJTJGYSUzRQ==[\/vc_raw_html][vc_empty_space height=&#8221;5px&#8221;][\/vc_column_inner][\/vc_row_inner][\/vc_column][\/vc_row][vc_row][vc_column][vc_empty_space height=&#8221;20px&#8221;][\/vc_column][\/vc_row][mk_page_section bg_image=&#8221;https:\/\/www.schulzautomotiva.com.br\/aftermarket\/wp-content\/uploads\/2021\/03\/img_9938-scaled.jpg&#8221; bg_color=&#8221;#1a3b69&#8243; video_color_mask=&#8221;#1a3b69&#8243; video_opacity=&#8221;0.9&#8243; padding_top=&#8221;0&#8243; padding_bottom=&#8221;0&#8243; section_id=&#8221;compressores-ar&#8221; sidebar=&#8221;sidebar-1&#8243;][vc_column css=&#8221;.vc_custom_1619124810800{margin-top: 0px !important;margin-right: 0px !important;margin-bottom: 0px !important;margin-left: 0px !important;padding-top: 80px !important;padding-right: 20px !important;padding-bottom: 80px !important;padding-left: 20px !important;}&#8221;][vc_row_inner css=&#8221;.vc_custom_1616766901215{margin-top: 0px !important;margin-right: 0px !important;margin-bottom: 0px !important;margin-left: 0px !important;padding-top: 40px !important;padding-right: 40px !important;padding-bottom: 40px !important;padding-left: 40px !important;background-color: #ffffff !important;}&#8221;][vc_column_inner el_class=&#8221;aftermarket-produto&#8221; width=&#8221;1\/2&#8243; css=&#8221;.vc_custom_1616769266840{margin-top: 0px !important;margin-right: 0px !important;margin-bottom: 0px !important;margin-left: 0px !important;padding-top: 0px !important;padding-right: 0px !important;padding-bottom: 0px !important;padding-left: 0px !important;}&#8221;][vc_column_text css=&#8221;.vc_custom_1621346377922{margin-bottom: 0px !important;}&#8221;]\n<h3>Soporte T\u00e9cnico<\/h3>\n[\/vc_column_text][mk_divider style=&#8221;thin_solid&#8221; divider_width=&#8221;custom_width&#8221; custom_width=&#8221;180&#8243; align=&#8221;left&#8221; thin_single_color=&#8221;#ffcb04&#8243; thickness=&#8221;2&#8243; margin_top=&#8221;0&#8243; margin_bottom=&#8221;30&#8243;][vc_column_text css=&#8221;.vc_custom_1621342304144{margin-bottom: 0px !important;}&#8221;]Adem\u00e1s de suministrar piezas con la m\u00e1xima calidad, Schulz tiene un equipo t\u00e9cnico dedicado a sanar cualquier problema de los clientes. A seguir, ent\u00e9rese de como solicitar una garant\u00eda, participar de entrenamientos, conferir nuestros informativos, ver referencias t\u00e9cnicas o ubicar un taller acreditado.[\/vc_column_text][vc_separator][mk_button dimension=&#8221;outline&#8221; size=&#8221;medium&#8221; url=&#8221;https:\/\/www.schulzautomotiva.com.br\/aftermarket\/es\/suporte-tecnico\/&#8221; margin_top=&#8221;10&#8243; margin_bottom=&#8221;10&#8243; margin_right=&#8221;10&#8243; outline_skin=&#8221;custom&#8221; outline_active_color=&#8221;#005087&#8243; outline_active_text_color=&#8221;#005087&#8243; outline_hover_bg_color=&#8221;#005087&#8243; outline_hover_color=&#8221;#ffffff&#8221;]SEPA MAS[\/mk_button][\/vc_column_inner][vc_column_inner width=&#8221;1\/2&#8243;][mk_image src=&#8221;https:\/\/www.schulzautomotiva.com.br\/aftermarket\/wp-content\/uploads\/2021\/04\/cursos-e-palestras.jpg&#8221; image_size=&#8221;large&#8221;][\/vc_column_inner][\/vc_row_inner][\/vc_column][\/mk_page_section]\n","protected":false},"excerpt":{"rendered":"<p>[mk_page_section bg_image=&#8221;https:\/\/www.schulzautomotiva.com.br\/aftermarket\/wp-content\/uploads\/2021\/04\/fundo_pagina_estruturadevendas.jpg&#8221; bg_position=&#8221;center center&#8221; bg_repeat=&#8221;no-repeat&#8221; bg_stretch=&#8221;true&#8221; video_color_mask=&#8221;rgba(0,0,0,0.75)&#8221; video_opacity=&#8221;0.9&#8243; padding_top=&#8221;100&#8243; padding_bottom=&#8221;0&#8243; section_id=&#8221;reconhecimento&#8221; el_class=&#8221;reconhecimentos texto-branco&#8221; sidebar=&#8221;sidebar-1&#8243;][vc_column css=&#8221;.vc_custom_1547575072346{margin-top: 0px !important;margin-right: 0px !important;margin-bottom: 0px !important;margin-left: 0px !important;padding-top: 0px !important;padding-right: 20px !important;padding-bottom: 0px !important;padding-left: 20px !important;}&#8221;][vc_empty_space height=&#8221;50px&#8221;][vc_column_text disable_pattern=&#8221;false&#8221; css=&#8221;.vc_custom_1621341721924{margin-bottom: 0px !important;}&#8221;] Estructura de ventas [\/vc_column_text][mk_divider style=&#8221;thin_solid&#8221; divider_width=&#8221;custom_width&#8221; custom_width=&#8221;180&#8243; align=&#8221;left&#8221; thin_single_color=&#8221;#ffcb04&#8243; thickness=&#8221;2&#8243; margin_top=&#8221;0&#8243; margin_bottom=&#8221;30&#8243;][vc_raw_html]JTVCYnJlYWRjcnVtYiU1RA==[\/vc_raw_html][vc_column_text disable_pattern=&#8221;false&#8221; el_class=&#8221;no-br-on-small texto-apoio&#8221; css=&#8221;.vc_custom_1621342179435{margin-bottom: 0px !important;}&#8221;]Schulz tiene [&hellip;]<\/p>\n","protected":false},"author":9,"featured_media":0,"parent":0,"menu_order":2,"comment_status":"closed","ping_status":"closed","template":"","meta":{"_mi_skip_tracking":false,"_monsterinsights_sitenote_active":false,"_monsterinsights_sitenote_note":"","_monsterinsights_sitenote_category":0},"_links":{"self":[{"href":"https:\/\/www.schulzautomotiva.com.br\/aftermarket\/es\/wp-json\/wp\/v2\/pages\/5488"}],"collection":[{"href":"https:\/\/www.schulzautomotiva.com.br\/aftermarket\/es\/wp-json\/wp\/v2\/pages"}],"about":[{"href":"https:\/\/www.schulzautomotiva.com.br\/aftermarket\/es\/wp-json\/wp\/v2\/types\/page"}],"author":[{"embeddable":true,"href":"https:\/\/www.schulzautomotiva.com.br\/aftermarket\/es\/wp-json\/wp\/v2\/users\/9"}],"replies":[{"embeddable":true,"href":"https:\/\/www.schulzautomotiva.com.br\/aftermarket\/es\/wp-json\/wp\/v2\/comments?post=5488"}],"version-history":[{"count":6,"href":"https:\/\/www.schulzautomotiva.com.br\/aftermarket\/es\/wp-json\/wp\/v2\/pages\/5488\/revisions"}],"predecessor-version":[{"id":5802,"href":"https:\/\/www.schulzautomotiva.com.br\/aftermarket\/es\/wp-json\/wp\/v2\/pages\/5488\/revisions\/5802"}],"wp:attachment":[{"href":"https:\/\/www.schulzautomotiva.com.br\/aftermarket\/es\/wp-json\/wp\/v2\/media?parent=5488"}],"curies":[{"name":"wp","href":"https:\/\/api.w.org\/{rel}","templated":true}]}}