{"id":5458,"date":"2021-03-26T14:27:27","date_gmt":"2021-03-26T17:27:27","guid":{"rendered":"https:\/\/www.schulzautomotiva.com.br\/aftermarket\/historia\/linha-do-tempo-1970\/"},"modified":"2021-05-18T09:09:06","modified_gmt":"2021-05-18T12:09:06","slug":"linea-del-tiempo-1970","status":"publish","type":"page","link":"https:\/\/www.schulzautomotiva.com.br\/aftermarket\/es\/historia\/linea-del-tiempo-1970\/","title":{"rendered":"L\u00ednea del tiempo \u2013 1970"},"content":{"rendered":"[mk_page_section attachment=&#8221;fixed&#8221; bg_position=&#8221;center center&#8221; bg_repeat=&#8221;no-repeat&#8221; bg_stretch=&#8221;true&#8221; video_color_mask=&#8221;#000000&#8243; video_opacity=&#8221;0.2&#8243; padding_top=&#8221;100&#8243; padding_bottom=&#8221;0&#8243; sidebar=&#8221;sidebar-1&#8243;][vc_column css=&#8221;.vc_custom_1542029116897{margin-top: 0px !important;margin-right: 0px !important;margin-bottom: 0px !important;margin-left: 0px !important;padding-top: 0px !important;padding-right: 20px !important;padding-bottom: 0px !important;padding-left: 20px !important;}&#8221;][vc_empty_space height=&#8221;50px&#8221;][vc_column_text disable_pattern=&#8221;false&#8221; el_class=&#8221;texto-branco&#8221; css=&#8221;.vc_custom_1621339694821{margin-bottom: 0px !important;}&#8221;]\n<h1>L\u00ednea del tiempo<\/h1>\n[\/vc_column_text][mk_divider style=&#8221;thin_solid&#8221; divider_width=&#8221;custom_width&#8221; custom_width=&#8221;180&#8243; align=&#8221;left&#8221; thin_single_color=&#8221;#ffcb04&#8243; thickness=&#8221;2&#8243; margin_top=&#8221;0&#8243; margin_bottom=&#8221;30&#8243;][vc_raw_html]JTVCYnJlYWRjcnVtYiU1RA==[\/vc_raw_html][vc_empty_space height=&#8221;35px&#8221;][\/vc_column][\/mk_page_section][vc_row el_class=&#8221;linha-do-tempo&#8221; css=&#8221;.vc_custom_1552409247700{margin-right: 0px !important;}&#8221;][vc_column css=&#8221;.vc_custom_1578582187392{margin-top: 0px !important;margin-right: 0px !important;margin-bottom: 0px !important;padding-top: 0px !important;padding-right: 0px !important;padding-bottom: 0px !important;padding-left: 0px !important;}&#8221; el_class=&#8221;coluna-ano&#8221;][vc_empty_space height=&#8221;50px&#8221; css=&#8221;.vc_custom_1547667654703{margin-top: 0px !important;margin-bottom: 0px !important;padding-top: 0px !important;padding-bottom: 0px !important;}&#8221;][vc_column_text disable_pattern=&#8221;false&#8221; el_class=&#8221;sublinhado-alinhado-a-esquerda&#8221; css=&#8221;.vc_custom_1616779717930{margin-bottom: 0px !important;}&#8221;]\n<h2>1970<\/h2>\n[\/vc_column_text][vc_column_text disable_pattern=&#8221;false&#8221; el_class=&#8221;texto-branco&#8221; css=&#8221;.vc_custom_1621339715966{margin-bottom: 0px !important;}&#8221;]En 1972, Schulz pas\u00f3 a producir compresores de aire. Para conquistar ese nuevo mercado, comenz\u00f3 por los modelos menores, los m\u00e1s usados en los talleres y otros peque\u00f1os negocios. Ante el gran \u00e9xito, despu\u00e9s de seis a\u00f1os, una moderna fundici\u00f3n fue inaugurada en el distrito industrial de la ciudad. [\/vc_column_text][mk_image src=&#8221;https:\/\/www.schulzautomotiva.com.br\/aftermarket\/wp-content\/uploads\/2021\/04\/img_1970-1.jpg&#8221; image_size=&#8221;large&#8221; lightbox=&#8221;true&#8221;][vc_empty_space height=&#8221;50px&#8221; css=&#8221;.vc_custom_1547667654703{margin-top: 0px !important;margin-bottom: 0px !important;padding-top: 0px !important;padding-bottom: 0px !important;}&#8221;][\/vc_column][\/vc_row][vc_row el_class=&#8221;linha-do-tempo&#8221; css=&#8221;.vc_custom_1552409247700{margin-right: 0px !important;}&#8221;][vc_column css=&#8221;.vc_custom_1547664870098{margin-top: 0px !important;margin-right: 0px !important;margin-bottom: 0px !important;margin-left: 0px !important;padding-top: 0px !important;padding-right: 0px !important;padding-bottom: 0px !important;padding-left: 0px !important;}&#8221; el_class=&#8221;coluna-ano&#8221;][vc_empty_space height=&#8221;50px&#8221; css=&#8221;.vc_custom_1547667654703{margin-top: 0px !important;margin-bottom: 0px !important;padding-top: 0px !important;padding-bottom: 0px !important;}&#8221;][\/vc_column][\/vc_row]\n","protected":false},"excerpt":{"rendered":"<p>[mk_page_section attachment=&#8221;fixed&#8221; bg_position=&#8221;center center&#8221; bg_repeat=&#8221;no-repeat&#8221; bg_stretch=&#8221;true&#8221; video_color_mask=&#8221;#000000&#8243; video_opacity=&#8221;0.2&#8243; padding_top=&#8221;100&#8243; padding_bottom=&#8221;0&#8243; sidebar=&#8221;sidebar-1&#8243;][vc_column css=&#8221;.vc_custom_1542029116897{margin-top: 0px !important;margin-right: 0px !important;margin-bottom: 0px !important;margin-left: 0px !important;padding-top: 0px !important;padding-right: 20px !important;padding-bottom: 0px !important;padding-left: 20px !important;}&#8221;][vc_empty_space height=&#8221;50px&#8221;][vc_column_text disable_pattern=&#8221;false&#8221; el_class=&#8221;texto-branco&#8221; css=&#8221;.vc_custom_1621339694821{margin-bottom: 0px !important;}&#8221;] L\u00ednea del tiempo [\/vc_column_text][mk_divider style=&#8221;thin_solid&#8221; divider_width=&#8221;custom_width&#8221; custom_width=&#8221;180&#8243; align=&#8221;left&#8221; thin_single_color=&#8221;#ffcb04&#8243; thickness=&#8221;2&#8243; margin_top=&#8221;0&#8243; margin_bottom=&#8221;30&#8243;][vc_raw_html]JTVCYnJlYWRjcnVtYiU1RA==[\/vc_raw_html][vc_empty_space height=&#8221;35px&#8221;][\/vc_column][\/mk_page_section][vc_row el_class=&#8221;linha-do-tempo&#8221; css=&#8221;.vc_custom_1552409247700{margin-right: 0px !important;}&#8221;][vc_column css=&#8221;.vc_custom_1578582187392{margin-top: 0px !important;margin-right: 0px [&hellip;]<\/p>\n","protected":false},"author":9,"featured_media":0,"parent":5434,"menu_order":2,"comment_status":"closed","ping_status":"closed","template":"","meta":{"_mi_skip_tracking":false,"_monsterinsights_sitenote_active":false,"_monsterinsights_sitenote_note":"","_monsterinsights_sitenote_category":0},"_links":{"self":[{"href":"https:\/\/www.schulzautomotiva.com.br\/aftermarket\/es\/wp-json\/wp\/v2\/pages\/5458"}],"collection":[{"href":"https:\/\/www.schulzautomotiva.com.br\/aftermarket\/es\/wp-json\/wp\/v2\/pages"}],"about":[{"href":"https:\/\/www.schulzautomotiva.com.br\/aftermarket\/es\/wp-json\/wp\/v2\/types\/page"}],"author":[{"embeddable":true,"href":"https:\/\/www.schulzautomotiva.com.br\/aftermarket\/es\/wp-json\/wp\/v2\/users\/9"}],"replies":[{"embeddable":true,"href":"https:\/\/www.schulzautomotiva.com.br\/aftermarket\/es\/wp-json\/wp\/v2\/comments?post=5458"}],"version-history":[{"count":2,"href":"https:\/\/www.schulzautomotiva.com.br\/aftermarket\/es\/wp-json\/wp\/v2\/pages\/5458\/revisions"}],"predecessor-version":[{"id":5460,"href":"https:\/\/www.schulzautomotiva.com.br\/aftermarket\/es\/wp-json\/wp\/v2\/pages\/5458\/revisions\/5460"}],"up":[{"embeddable":true,"href":"https:\/\/www.schulzautomotiva.com.br\/aftermarket\/es\/wp-json\/wp\/v2\/pages\/5434"}],"wp:attachment":[{"href":"https:\/\/www.schulzautomotiva.com.br\/aftermarket\/es\/wp-json\/wp\/v2\/media?parent=5458"}],"curies":[{"name":"wp","href":"https:\/\/api.w.org\/{rel}","templated":true}]}}