{"id":5440,"date":"2021-03-26T14:17:44","date_gmt":"2021-03-26T17:17:44","guid":{"rendered":"https:\/\/www.schulzautomotiva.com.br\/aftermarket\/historia\/linha-do-tempo-1960\/"},"modified":"2021-05-18T08:59:19","modified_gmt":"2021-05-18T11:59:19","slug":"linea-del-tiempo-1960","status":"publish","type":"page","link":"https:\/\/www.schulzautomotiva.com.br\/aftermarket\/es\/historia\/linea-del-tiempo-1960\/","title":{"rendered":"L\u00ednea del tiempo \u2013 1960"},"content":{"rendered":"[mk_page_section attachment=&#8221;fixed&#8221; bg_position=&#8221;center center&#8221; bg_repeat=&#8221;no-repeat&#8221; bg_stretch=&#8221;true&#8221; video_color_mask=&#8221;#000000&#8243; video_opacity=&#8221;0.2&#8243; padding_top=&#8221;100&#8243; padding_bottom=&#8221;0&#8243; sidebar=&#8221;sidebar-1&#8243;][vc_column css=&#8221;.vc_custom_1542029116897{margin-top: 0px !important;margin-right: 0px !important;margin-bottom: 0px !important;margin-left: 0px !important;padding-top: 0px !important;padding-right: 20px !important;padding-bottom: 0px !important;padding-left: 20px !important;}&#8221;][vc_empty_space height=&#8221;50px&#8221;][vc_column_text disable_pattern=&#8221;false&#8221; el_class=&#8221;texto-branco&#8221; css=&#8221;.vc_custom_1621339126880{margin-bottom: 0px !important;}&#8221;]\n<h1>L\u00ednea del tiempo<\/h1>\n[\/vc_column_text][mk_divider style=&#8221;thin_solid&#8221; divider_width=&#8221;custom_width&#8221; custom_width=&#8221;180&#8243; align=&#8221;left&#8221; thin_single_color=&#8221;#ffcb04&#8243; thickness=&#8221;2&#8243; margin_top=&#8221;0&#8243; margin_bottom=&#8221;30&#8243;][vc_raw_html]JTVCYnJlYWRjcnVtYiU1RA==[\/vc_raw_html][vc_empty_space height=&#8221;35px&#8221;][\/vc_column][\/mk_page_section][vc_row el_class=&#8221;linha-do-tempo&#8221; css=&#8221;.vc_custom_1552409247700{margin-right: 0px !important;}&#8221;][vc_column css=&#8221;.vc_custom_1578582187392{margin-top: 0px !important;margin-right: 0px !important;margin-bottom: 0px !important;padding-top: 0px !important;padding-right: 0px !important;padding-bottom: 0px !important;padding-left: 0px !important;}&#8221; el_class=&#8221;coluna-ano&#8221;][vc_empty_space height=&#8221;50px&#8221; css=&#8221;.vc_custom_1547667654703{margin-top: 0px !important;margin-bottom: 0px !important;padding-top: 0px !important;padding-bottom: 0px !important;}&#8221;][vc_column_text disable_pattern=&#8221;false&#8221; el_class=&#8221;sublinhado-alinhado-a-esquerda&#8221; css=&#8221;.vc_custom_1616779427754{margin-bottom: 0px !important;}&#8221;]\n<h2>1960<\/h2>\n[\/vc_column_text][vc_column_text disable_pattern=&#8221;false&#8221; el_class=&#8221;texto-branco&#8221; css=&#8221;.vc_custom_1621339145100{margin-bottom: 0px !important;}&#8221;]Con el apoyo de algunos amigos y emprendedores de Joinville, Heinz Schulz fund\u00f3 una peque\u00f1a industria metal\u00fargica el 12 de junio de 1963. Al principio, los 26 empleados se dedicaban a la fabricaci\u00f3n de piezas fundidas para la l\u00ednea agr\u00edcola y tornos de bancada (morsas), el primer producto propio de la empresa. [\/vc_column_text][mk_image src=&#8221;https:\/\/www.schulzautomotiva.com.br\/aftermarket\/wp-content\/uploads\/2021\/02\/schulz-automotiva-1960-scaled.jpg&#8221; image_width=&#8221;&#8221; image_height=&#8221;580&#8243; lightbox=&#8221;true&#8221;][vc_empty_space height=&#8221;50px&#8221; css=&#8221;.vc_custom_1547667654703{margin-top: 0px !important;margin-bottom: 0px !important;padding-top: 0px !important;padding-bottom: 0px !important;}&#8221;][\/vc_column][\/vc_row][vc_row el_class=&#8221;linha-do-tempo&#8221; css=&#8221;.vc_custom_1552409247700{margin-right: 0px !important;}&#8221;][vc_column css=&#8221;.vc_custom_1547664870098{margin-top: 0px !important;margin-right: 0px !important;margin-bottom: 0px !important;margin-left: 0px !important;padding-top: 0px !important;padding-right: 0px !important;padding-bottom: 0px !important;padding-left: 0px !important;}&#8221; el_class=&#8221;coluna-ano&#8221;][vc_empty_space height=&#8221;50px&#8221; css=&#8221;.vc_custom_1547667654703{margin-top: 0px !important;margin-bottom: 0px !important;padding-top: 0px !important;padding-bottom: 0px !important;}&#8221;][\/vc_column][\/vc_row]\n","protected":false},"excerpt":{"rendered":"<p>[mk_page_section attachment=&#8221;fixed&#8221; bg_position=&#8221;center center&#8221; bg_repeat=&#8221;no-repeat&#8221; bg_stretch=&#8221;true&#8221; video_color_mask=&#8221;#000000&#8243; video_opacity=&#8221;0.2&#8243; padding_top=&#8221;100&#8243; padding_bottom=&#8221;0&#8243; sidebar=&#8221;sidebar-1&#8243;][vc_column css=&#8221;.vc_custom_1542029116897{margin-top: 0px !important;margin-right: 0px !important;margin-bottom: 0px !important;margin-left: 0px !important;padding-top: 0px !important;padding-right: 20px !important;padding-bottom: 0px !important;padding-left: 20px !important;}&#8221;][vc_empty_space height=&#8221;50px&#8221;][vc_column_text disable_pattern=&#8221;false&#8221; el_class=&#8221;texto-branco&#8221; css=&#8221;.vc_custom_1621339126880{margin-bottom: 0px !important;}&#8221;] L\u00ednea del tiempo [\/vc_column_text][mk_divider style=&#8221;thin_solid&#8221; divider_width=&#8221;custom_width&#8221; custom_width=&#8221;180&#8243; align=&#8221;left&#8221; thin_single_color=&#8221;#ffcb04&#8243; thickness=&#8221;2&#8243; margin_top=&#8221;0&#8243; margin_bottom=&#8221;30&#8243;][vc_raw_html]JTVCYnJlYWRjcnVtYiU1RA==[\/vc_raw_html][vc_empty_space height=&#8221;35px&#8221;][\/vc_column][\/mk_page_section][vc_row el_class=&#8221;linha-do-tempo&#8221; css=&#8221;.vc_custom_1552409247700{margin-right: 0px !important;}&#8221;][vc_column css=&#8221;.vc_custom_1578582187392{margin-top: 0px !important;margin-right: 0px [&hellip;]<\/p>\n","protected":false},"author":9,"featured_media":0,"parent":5434,"menu_order":2,"comment_status":"closed","ping_status":"closed","template":"","meta":{"_mi_skip_tracking":false,"_monsterinsights_sitenote_active":false,"_monsterinsights_sitenote_note":"","_monsterinsights_sitenote_category":0},"_links":{"self":[{"href":"https:\/\/www.schulzautomotiva.com.br\/aftermarket\/es\/wp-json\/wp\/v2\/pages\/5440"}],"collection":[{"href":"https:\/\/www.schulzautomotiva.com.br\/aftermarket\/es\/wp-json\/wp\/v2\/pages"}],"about":[{"href":"https:\/\/www.schulzautomotiva.com.br\/aftermarket\/es\/wp-json\/wp\/v2\/types\/page"}],"author":[{"embeddable":true,"href":"https:\/\/www.schulzautomotiva.com.br\/aftermarket\/es\/wp-json\/wp\/v2\/users\/9"}],"replies":[{"embeddable":true,"href":"https:\/\/www.schulzautomotiva.com.br\/aftermarket\/es\/wp-json\/wp\/v2\/comments?post=5440"}],"version-history":[{"count":2,"href":"https:\/\/www.schulzautomotiva.com.br\/aftermarket\/es\/wp-json\/wp\/v2\/pages\/5440\/revisions"}],"predecessor-version":[{"id":5442,"href":"https:\/\/www.schulzautomotiva.com.br\/aftermarket\/es\/wp-json\/wp\/v2\/pages\/5440\/revisions\/5442"}],"up":[{"embeddable":true,"href":"https:\/\/www.schulzautomotiva.com.br\/aftermarket\/es\/wp-json\/wp\/v2\/pages\/5434"}],"wp:attachment":[{"href":"https:\/\/www.schulzautomotiva.com.br\/aftermarket\/es\/wp-json\/wp\/v2\/media?parent=5440"}],"curies":[{"name":"wp","href":"https:\/\/api.w.org\/{rel}","templated":true}]}}